{"id":2573,"date":"2026-01-30T15:34:00","date_gmt":"2026-01-30T14:34:00","guid":{"rendered":"https:\/\/bulltec.it\/?page_id=2573"},"modified":"2026-04-21T16:28:26","modified_gmt":"2026-04-21T14:28:26","slug":"servicios","status":"publish","type":"page","link":"https:\/\/bulltec.it\/es\/servicios\/","title":{"rendered":"SERVICIOS"},"content":{"rendered":"\t\t<div data-elementor-type=\"wp-page\" data-elementor-id=\"2573\" class=\"elementor elementor-2573 elementor-197\" data-elementor-post-type=\"page\">\n\t\t\t\t<div class=\"elementor-element elementor-element-dbc579f e-con-full e-flex e-con e-parent\" data-id=\"dbc579f\" data-element_type=\"container\" data-settings=\"{&quot;background_background&quot;:&quot;video&quot;,&quot;background_video_link&quot;:&quot;https:\\\/\\\/bulltec.it\\\/wp-content\\\/uploads\\\/2026\\\/01\\\/Banner-servizi.mp4&quot;,&quot;background_play_on_mobile&quot;:&quot;yes&quot;}\">\n\t\t<div class=\"elementor-background-video-container\">\n\t\t\t\t\t\t\t<video class=\"elementor-background-video-hosted\" role=\"presentation\" autoplay muted playsinline loop><\/video>\n\t\t\t\t\t<\/div>\t\t<div class=\"elementor-element elementor-element-6c60183 elementor-widget elementor-widget-spacer\" data-id=\"6c60183\" data-element_type=\"widget\" data-widget_type=\"spacer.default\">\n\t\t\t\t\t\t\t<div class=\"elementor-spacer\">\n\t\t\t<div class=\"elementor-spacer-inner\"><\/div>\n\t\t<\/div>\n\t\t\t\t\t\t<\/div>\n\t\t\t\t<\/div>\n\t\t<div class=\"elementor-element elementor-element-999020f e-con-full e-flex e-con e-parent\" data-id=\"999020f\" data-element_type=\"container\">\n\t\t<div class=\"elementor-element elementor-element-5bc37ec e-con-full e-flex elementor-invisible e-con e-child\" data-id=\"5bc37ec\" data-element_type=\"container\" data-settings=\"{&quot;animation&quot;:&quot;fadeInLeft&quot;}\">\n\t\t\t\t<div class=\"elementor-element elementor-element-9ee46d7 elementor-widget__width-initial elementor-widget-tablet__width-inherit elementor-widget elementor-widget-heading\" data-id=\"9ee46d7\" data-element_type=\"widget\" data-widget_type=\"heading.default\">\n\t\t\t\t\t<h2 class=\"elementor-heading-title elementor-size-default\">Antes de vender una m\u00e1quina, construimos una soluci\u00f3n.<\/h2>\t\t\t\t<\/div>\n\t\t\t\t<div class=\"elementor-element elementor-element-57a3c9c elementor-widget__width-initial elementor-widget-tablet__width-inherit elementor-widget elementor-widget-text-editor\" data-id=\"57a3c9c\" data-element_type=\"widget\" data-widget_type=\"text-editor.default\">\n\t\t\t\t\t\t\t\t\t<p><span class=\"TextRun SCXW264180170 BCX0\" lang=\"ES-ES\" xml:lang=\"ES-ES\" data-contrast=\"auto\"><span class=\"NormalTextRun SCXW264180170 BCX0\">Nuestros servicios se basan en el mismo principio que gu\u00eda nuestras m\u00e1quinas: entender lo que realmente se necesita para crear la soluci\u00f3n adecuada desde cero.<\/span><\/span><\/p><p><span class=\"TextRun SCXW100873732 BCX0\" lang=\"ES-ES\" xml:lang=\"ES-ES\" data-contrast=\"auto\"><span class=\"NormalTextRun SCXW100873732 BCX0\">Por este motivo, acompa\u00f1amos a nuestros clientes en cada fase, desde la consultor\u00eda inicial hasta la asistencia a largo plazo, con un enfoque pr\u00e1ctico, t\u00e9cnico y humano.<\/span><\/span><\/p>\t\t\t\t\t\t\t\t<\/div>\n\t\t\t\t<\/div>\n\t\t<div class=\"elementor-element elementor-element-83b0008 e-con-full e-flex elementor-invisible e-con e-child\" data-id=\"83b0008\" data-element_type=\"container\" data-settings=\"{&quot;animation&quot;:&quot;fadeInRight&quot;}\">\n\t\t\t\t<div class=\"elementor-element elementor-element-6924b5a elementor-widget elementor-widget-image\" data-id=\"6924b5a\" data-element_type=\"widget\" data-widget_type=\"image.default\">\n\t\t\t\t\t\t\t\t\t\t\t\t\t\t\t<img fetchpriority=\"high\" decoding=\"async\" width=\"800\" height=\"533\" src=\"https:\/\/bulltec.it\/wp-content\/uploads\/2026\/01\/Immagine-6.png\" class=\"attachment-large size-large wp-image-2570\" alt=\"\" srcset=\"https:\/\/bulltec.it\/wp-content\/uploads\/2026\/01\/Immagine-6.png 959w, https:\/\/bulltec.it\/wp-content\/uploads\/2026\/01\/Immagine-6-300x200.png 300w, https:\/\/bulltec.it\/wp-content\/uploads\/2026\/01\/Immagine-6-768x512.png 768w\" sizes=\"(max-width: 800px) 100vw, 800px\" \/>\t\t\t\t\t\t\t\t\t\t\t\t\t\t\t<\/div>\n\t\t\t\t<\/div>\n\t\t\t\t<\/div>\n\t\t<div class=\"elementor-element elementor-element-3939d14 e-con-full e-flex e-con e-parent\" data-id=\"3939d14\" data-element_type=\"container\">\n\t\t<div class=\"elementor-element elementor-element-ad776f2 e-con-full e-flex elementor-invisible e-con e-child\" data-id=\"ad776f2\" data-element_type=\"container\" data-settings=\"{&quot;animation&quot;:&quot;fadeInLeft&quot;}\">\n\t\t\t\t<div class=\"elementor-element elementor-element-c66d89f elementor-widget elementor-widget-image\" data-id=\"c66d89f\" data-element_type=\"widget\" data-widget_type=\"image.default\">\n\t\t\t\t\t\t\t\t\t\t\t\t\t\t\t<img decoding=\"async\" width=\"800\" height=\"533\" src=\"https:\/\/bulltec.it\/wp-content\/uploads\/2026\/01\/Immagine-11.png\" class=\"attachment-large size-large wp-image-2571\" alt=\"\" srcset=\"https:\/\/bulltec.it\/wp-content\/uploads\/2026\/01\/Immagine-11.png 960w, https:\/\/bulltec.it\/wp-content\/uploads\/2026\/01\/Immagine-11-300x200.png 300w, https:\/\/bulltec.it\/wp-content\/uploads\/2026\/01\/Immagine-11-768x512.png 768w\" sizes=\"(max-width: 800px) 100vw, 800px\" \/>\t\t\t\t\t\t\t\t\t\t\t\t\t\t\t<\/div>\n\t\t\t\t<\/div>\n\t\t<div class=\"elementor-element elementor-element-4c5efa0 e-con-full e-flex elementor-invisible e-con e-child\" data-id=\"4c5efa0\" data-element_type=\"container\" data-settings=\"{&quot;animation&quot;:&quot;fadeInRight&quot;}\">\n\t\t\t\t<div class=\"elementor-element elementor-element-8c8f12f elementor-widget__width-initial elementor-widget-tablet__width-inherit elementor-widget elementor-widget-heading\" data-id=\"8c8f12f\" data-element_type=\"widget\" data-widget_type=\"heading.default\">\n\t\t\t\t\t<h2 class=\"elementor-heading-title elementor-size-default\">Escuchamos, luego dise\u00f1amos.<\/h2>\t\t\t\t<\/div>\n\t\t\t\t<div class=\"elementor-element elementor-element-e9a8fe5 elementor-widget__width-initial elementor-widget-tablet__width-inherit elementor-widget elementor-widget-text-editor\" data-id=\"e9a8fe5\" data-element_type=\"widget\" data-widget_type=\"text-editor.default\">\n\t\t\t\t\t\t\t\t\t<p><span class=\"TextRun SCXW146227738 BCX0\" lang=\"ES-ES\" xml:lang=\"ES-ES\" data-contrast=\"auto\"><span class=\"NormalTextRun SCXW146227738 BCX0\" data-ccp-parastyle=\"heading 2\">Nos centramos completamente en una consultor\u00eda directa y personalizada: antes incluso de hablar de m\u00e1quinas, analizamos el contexto productivo del cliente.<\/span><\/span><\/p>\t\t\t\t\t\t\t\t<\/div>\n\t\t\t\t<div class=\"elementor-element elementor-element-54e4b29 elementor-widget__width-initial elementor-widget-tablet__width-inherit elementor-widget elementor-widget-text-editor\" data-id=\"54e4b29\" data-element_type=\"widget\" data-widget_type=\"text-editor.default\">\n\t\t\t\t\t\t\t\t\t<p><span class=\"TextRun SCXW178510025 BCX0\" lang=\"ES-ES\" xml:lang=\"ES-ES\" data-contrast=\"auto\"><span class=\"NormalTextRun SCXW178510025 BCX0\" data-ccp-parastyle=\"heading 2\">Nuestro equipo t\u00e9cnico, trabajando junto a empresas y productores, eval\u00faa:<\/span><\/span><\/p><ul><li aria-setsize=\"-1\" data-leveltext=\"\uf0b7\" data-font=\"Symbol\" data-listid=\"7\" data-list-defn-props=\"{&quot;335552541&quot;:1,&quot;335559685&quot;:720,&quot;335559991&quot;:360,&quot;469769226&quot;:&quot;Symbol&quot;,&quot;469769242&quot;:[8226],&quot;469777803&quot;:&quot;left&quot;,&quot;469777804&quot;:&quot;\uf0b7&quot;,&quot;469777815&quot;:&quot;hybridMultilevel&quot;}\" data-aria-posinset=\"1\" data-aria-level=\"1\"><span class=\"TextRun SCXW166199867 BCX0\" lang=\"ES-ES\" xml:lang=\"ES-ES\" data-contrast=\"auto\"><span class=\"NormalTextRun SCXW166199867 BCX0\" data-ccp-parastyle=\"heading 2\">tipo de producto (hortalizas, tub\u00e9rculos, variedades espec\u00edficas)<\/span><\/span><\/li><\/ul><ul><li aria-setsize=\"-1\" data-leveltext=\"\uf0b7\" data-font=\"Symbol\" data-listid=\"7\" data-list-defn-props=\"{&quot;335552541&quot;:1,&quot;335559685&quot;:720,&quot;335559991&quot;:360,&quot;469769226&quot;:&quot;Symbol&quot;,&quot;469769242&quot;:[8226],&quot;469777803&quot;:&quot;left&quot;,&quot;469777804&quot;:&quot;\uf0b7&quot;,&quot;469777815&quot;:&quot;hybridMultilevel&quot;}\" data-aria-posinset=\"2\" data-aria-level=\"1\"><span class=\"TextRun SCXW166199867 BCX0\" lang=\"ES-ES\" xml:lang=\"ES-ES\" data-contrast=\"auto\"><span class=\"NormalTextRun SCXW166199867 BCX0\" data-ccp-parastyle=\"heading 2\">origen y caracter\u00edsticas de la materia prima<\/span><\/span><\/li><\/ul><ul><li aria-setsize=\"-1\" data-leveltext=\"\uf0b7\" data-font=\"Symbol\" data-listid=\"7\" data-list-defn-props=\"{&quot;335552541&quot;:1,&quot;335559685&quot;:720,&quot;335559991&quot;:360,&quot;469769226&quot;:&quot;Symbol&quot;,&quot;469769242&quot;:[8226],&quot;469777803&quot;:&quot;left&quot;,&quot;469777804&quot;:&quot;\uf0b7&quot;,&quot;469777815&quot;:&quot;hybridMultilevel&quot;}\" data-aria-posinset=\"3\" data-aria-level=\"1\"><span class=\"TextRun SCXW166199867 BCX0\" lang=\"ES-ES\" xml:lang=\"ES-ES\" data-contrast=\"auto\"><span class=\"NormalTextRun SCXW166199867 BCX0\" data-ccp-parastyle=\"heading 2\">est\u00e1ndares de calidad requeridos por la gran distribuci\u00f3n (GDO)<\/span><\/span><\/li><\/ul><ul><li aria-setsize=\"-1\" data-leveltext=\"\uf0b7\" data-font=\"Symbol\" data-listid=\"7\" data-list-defn-props=\"{&quot;335552541&quot;:1,&quot;335559685&quot;:720,&quot;335559991&quot;:360,&quot;469769226&quot;:&quot;Symbol&quot;,&quot;469769242&quot;:[8226],&quot;469777803&quot;:&quot;left&quot;,&quot;469777804&quot;:&quot;\uf0b7&quot;,&quot;469777815&quot;:&quot;hybridMultilevel&quot;}\" data-aria-posinset=\"4\" data-aria-level=\"1\"><span class=\"TextRun SCXW166199867 BCX0\" lang=\"ES-ES\" xml:lang=\"ES-ES\" data-contrast=\"auto\"><span class=\"NormalTextRun SCXW166199867 BCX0\" data-ccp-parastyle=\"heading 2\">vol\u00famenes de producci\u00f3n, espacio disponible y flujo de trabajo<\/span><\/span><\/li><\/ul>\t\t\t\t\t\t\t\t<\/div>\n\t\t\t\t<div class=\"elementor-element elementor-element-f258956 elementor-widget__width-initial elementor-widget-tablet__width-inherit elementor-widget elementor-widget-text-editor\" data-id=\"f258956\" data-element_type=\"widget\" data-widget_type=\"text-editor.default\">\n\t\t\t\t\t\t\t\t\t<p><span class=\"TextRun SCXW29947017 BCX0\" lang=\"ES-ES\" xml:lang=\"ES-ES\" data-contrast=\"auto\"><span class=\"NormalTextRun SCXW29947017 BCX0\" data-ccp-parastyle=\"heading 2\">A partir de esta informaci\u00f3n, proponemos la soluci\u00f3n m\u00e1s eficaz, que puede incluir:<\/span><\/span><\/p><ul><li aria-setsize=\"-1\" data-leveltext=\"\uf0b7\" data-font=\"Symbol\" data-listid=\"6\" data-list-defn-props=\"{&quot;335552541&quot;:1,&quot;335559685&quot;:720,&quot;335559991&quot;:360,&quot;469769226&quot;:&quot;Symbol&quot;,&quot;469769242&quot;:[8226],&quot;469777803&quot;:&quot;left&quot;,&quot;469777804&quot;:&quot;\uf0b7&quot;,&quot;469777815&quot;:&quot;hybridMultilevel&quot;}\" data-aria-posinset=\"1\" data-aria-level=\"1\"><span class=\"TextRun SCXW55558153 BCX0\" lang=\"ES-ES\" xml:lang=\"ES-ES\" data-contrast=\"auto\"><span class=\"NormalTextRun SCXW55558153 BCX0\" data-ccp-parastyle=\"heading 2\">una m\u00e1quina o l\u00ednea completa Bulltec<\/span><\/span><\/li><\/ul><ul><li aria-setsize=\"-1\" data-leveltext=\"\uf0b7\" data-font=\"Symbol\" data-listid=\"6\" data-list-defn-props=\"{&quot;335552541&quot;:1,&quot;335559685&quot;:720,&quot;335559991&quot;:360,&quot;469769226&quot;:&quot;Symbol&quot;,&quot;469769242&quot;:[8226],&quot;469777803&quot;:&quot;left&quot;,&quot;469777804&quot;:&quot;\uf0b7&quot;,&quot;469777815&quot;:&quot;hybridMultilevel&quot;}\" data-aria-posinset=\"2\" data-aria-level=\"1\"><span class=\"TextRun SCXW185609721 BCX0\" lang=\"ES-ES\" xml:lang=\"ES-ES\" data-contrast=\"auto\"><span class=\"NormalTextRun SCXW185609721 BCX0\" data-ccp-parastyle=\"heading 2\">la integraci\u00f3n de tecnolog\u00edas de terceros (cuando es funcional al resultado)<\/span><\/span><\/li><\/ul>\t\t\t\t\t\t\t\t<\/div>\n\t\t\t\t<div class=\"elementor-element elementor-element-8208f7d elementor-widget__width-initial elementor-widget-tablet__width-inherit elementor-widget elementor-widget-text-editor\" data-id=\"8208f7d\" data-element_type=\"widget\" data-widget_type=\"text-editor.default\">\n\t\t\t\t\t\t\t\t\t<p><span class=\"TextRun SCXW152606094 BCX0\" lang=\"ES-ES\" xml:lang=\"ES-ES\" data-contrast=\"auto\"><span class=\"NormalTextRun SCXW152606094 BCX0\" data-ccp-parastyle=\"heading 2\">Este enfoque basado en la consultor\u00eda nos permite dise\u00f1ar instalaciones realmente a medida, capaces de maximizar la eficiencia productiva, aumentar el rendimiento del producto y reducir desperdicios, errores y tiempos de inactividad.<\/span><\/span><\/p><p><strong><span class=\"TextRun SCXW5562327 BCX0\" lang=\"ES-ES\" xml:lang=\"ES-ES\" data-contrast=\"auto\"><span class=\"NormalTextRun SCXW5562327 BCX0\" data-ccp-parastyle=\"heading 2\">En\u00a0<\/span><span class=\"NormalTextRun SpellingErrorV2Themed SCXW5562327 BCX0\" data-ccp-parastyle=\"heading 2\">Bulltec<\/span><span class=\"NormalTextRun SCXW5562327 BCX0\" data-ccp-parastyle=\"heading 2\">\u00a0no partimos de un cat\u00e1logo.\u00a0<\/span><\/span><span class=\"TextRun SCXW5562327 BCX0\" lang=\"EN-US\" xml:lang=\"EN-US\" data-contrast=\"auto\"><span class=\"NormalTextRun SpellingErrorV2Themed SCXW5562327 BCX0\" data-ccp-parastyle=\"heading 2\">Partimos<\/span><span class=\"NormalTextRun SCXW5562327 BCX0\" data-ccp-parastyle=\"heading 2\">\u00a0del\u00a0<\/span><span class=\"NormalTextRun SpellingErrorV2Themed SCXW5562327 BCX0\" data-ccp-parastyle=\"heading 2\">problema<\/span><span class=\"NormalTextRun SCXW5562327 BCX0\" data-ccp-parastyle=\"heading 2\">\u00a0<\/span><span class=\"NormalTextRun ContextualSpellingAndGrammarErrorV2Themed SCXW5562327 BCX0\" data-ccp-parastyle=\"heading 2\">a resolver<\/span><span class=\"NormalTextRun SCXW5562327 BCX0\" data-ccp-parastyle=\"heading 2\">.<\/span><\/span><\/strong><\/p>\t\t\t\t\t\t\t\t<\/div>\n\t\t\t\t<\/div>\n\t\t\t\t<\/div>\n\t\t<div class=\"elementor-element elementor-element-eb1c952 e-con-full e-flex e-con e-parent\" data-id=\"eb1c952\" data-element_type=\"container\">\n\t\t<div class=\"elementor-element elementor-element-a690026 e-con-full e-flex elementor-invisible e-con e-child\" data-id=\"a690026\" data-element_type=\"container\" data-settings=\"{&quot;animation&quot;:&quot;fadeInLeft&quot;}\">\n\t\t\t\t<div class=\"elementor-element elementor-element-b2680de elementor-widget__width-initial elementor-widget-tablet__width-inherit elementor-widget elementor-widget-heading\" data-id=\"b2680de\" data-element_type=\"widget\" data-widget_type=\"heading.default\">\n\t\t\t\t\t<h2 class=\"elementor-heading-title elementor-size-default\">Intervenimos de inmediato, est\u00e9s donde est\u00e9s. <\/h2>\t\t\t\t<\/div>\n\t\t\t\t<div class=\"elementor-element elementor-element-01bf4d2 elementor-widget__width-initial elementor-widget-tablet__width-inherit elementor-widget elementor-widget-text-editor\" data-id=\"01bf4d2\" data-element_type=\"widget\" data-widget_type=\"text-editor.default\">\n\t\t\t\t\t\t\t\t\t<p><span class=\"TextRun SCXW56447446 BCX0\" lang=\"IT-IT\" xml:lang=\"IT-IT\" data-contrast=\"auto\"><span class=\"NormalTextRun SCXW56447446 BCX0\"><span class=\"TextRun SCXW7214621 BCX0\" lang=\"ES-ES\" xml:lang=\"ES-ES\" data-contrast=\"auto\"><span class=\"NormalTextRun SCXW7214621 BCX0\">Ofrecemos uno de los servicios de asistencia m\u00e1s completos y estructurados del sector.<\/span><\/span><\/span><\/span><\/p><p><span class=\"TextRun SCXW140508089 BCX0\" lang=\"ES-ES\" xml:lang=\"ES-ES\" data-contrast=\"auto\"><span class=\"NormalTextRun SCXW140508089 BCX0\">Nuestro soporte es continuo, garantizando fiabilidad, continuidad productiva y tranquilidad operativa.<\/span><\/span><\/p>\t\t\t\t\t\t\t\t<\/div>\n\t\t\t\t<div class=\"elementor-element elementor-element-4e9cc06 elementor-widget__width-initial elementor-widget-tablet__width-inherit elementor-widget elementor-widget-text-editor\" data-id=\"4e9cc06\" data-element_type=\"widget\" data-widget_type=\"text-editor.default\">\n\t\t\t\t\t\t\t\t\t<p aria-level=\"3\"><strong><span class=\"TextRun SCXW62369238 BCX0\" lang=\"EN-US\" xml:lang=\"EN-US\" data-contrast=\"auto\"><span class=\"NormalTextRun SpellingErrorV2Themed SpellingErrorHighlight SCXW62369238 BCX0\">Qu\u00e9<\/span><span class=\"NormalTextRun SCXW62369238 BCX0\">\u00a0<\/span><span class=\"NormalTextRun SpellingErrorV2Themed SCXW62369238 BCX0\">ofrecemos:<\/span><\/span><\/strong><\/p><ul><li aria-setsize=\"-1\" data-leveltext=\"\uf0b7\" data-font=\"Symbol\" data-listid=\"9\" data-list-defn-props=\"{&quot;335552541&quot;:1,&quot;335559685&quot;:720,&quot;335559991&quot;:360,&quot;469769226&quot;:&quot;Symbol&quot;,&quot;469769242&quot;:[8226],&quot;469777803&quot;:&quot;left&quot;,&quot;469777804&quot;:&quot;\uf0b7&quot;,&quot;469777815&quot;:&quot;hybridMultilevel&quot;}\" data-aria-posinset=\"1\" data-aria-level=\"1\"><span class=\"TextRun SCXW138608509 BCX0\" lang=\"ES-ES\" xml:lang=\"ES-ES\" data-contrast=\"auto\"><span class=\"NormalTextRun SCXW138608509 BCX0\">Asistencia r\u00e1pida y continua, en Italia y en todo el mundo<\/span><\/span><\/li><\/ul><ul><li aria-setsize=\"-1\" data-leveltext=\"\uf0b7\" data-font=\"Symbol\" data-listid=\"9\" data-list-defn-props=\"{&quot;335552541&quot;:1,&quot;335559685&quot;:720,&quot;335559991&quot;:360,&quot;469769226&quot;:&quot;Symbol&quot;,&quot;469769242&quot;:[8226],&quot;469777803&quot;:&quot;left&quot;,&quot;469777804&quot;:&quot;\uf0b7&quot;,&quot;469777815&quot;:&quot;hybridMultilevel&quot;}\" data-aria-posinset=\"2\" data-aria-level=\"1\"><span class=\"TextRun SCXW138608509 BCX0\" lang=\"ES-ES\" xml:lang=\"ES-ES\" data-contrast=\"auto\"><span class=\"NormalTextRun SCXW138608509 BCX0\">Mantenimiento remoto para intervenciones r\u00e1pidas en software y configuracione<\/span><\/span><\/li><\/ul><ul><li aria-setsize=\"-1\" data-leveltext=\"\uf0b7\" data-font=\"Symbol\" data-listid=\"9\" data-list-defn-props=\"{&quot;335552541&quot;:1,&quot;335559685&quot;:720,&quot;335559991&quot;:360,&quot;469769226&quot;:&quot;Symbol&quot;,&quot;469769242&quot;:[8226],&quot;469777803&quot;:&quot;left&quot;,&quot;469777804&quot;:&quot;\uf0b7&quot;,&quot;469777815&quot;:&quot;hybridMultilevel&quot;}\" data-aria-posinset=\"3\" data-aria-level=\"1\"><span class=\"TextRun SCXW140079461 BCX0\" lang=\"ES-ES\" xml:lang=\"ES-ES\" data-contrast=\"auto\"><span class=\"NormalTextRun SCXW140079461 BCX0\">Soporte multiling\u00fce para asistir eficazmente a clientes internacionales<\/span><\/span><\/li><\/ul>\t\t\t\t\t\t\t\t<\/div>\n\t\t\t\t<\/div>\n\t\t<div class=\"elementor-element elementor-element-08d07e8 e-con-full e-flex elementor-invisible e-con e-child\" data-id=\"08d07e8\" data-element_type=\"container\" data-settings=\"{&quot;animation&quot;:&quot;fadeInRight&quot;}\">\n\t\t\t\t<div class=\"elementor-element elementor-element-8c576ed elementor-widget elementor-widget-image\" data-id=\"8c576ed\" data-element_type=\"widget\" data-widget_type=\"image.default\">\n\t\t\t\t\t\t\t\t\t\t\t\t\t\t\t<img decoding=\"async\" width=\"800\" height=\"533\" src=\"https:\/\/bulltec.it\/wp-content\/uploads\/2026\/01\/alta_Bulltec-060.png\" class=\"attachment-large size-large wp-image-2572\" alt=\"\" srcset=\"https:\/\/bulltec.it\/wp-content\/uploads\/2026\/01\/alta_Bulltec-060.png 960w, https:\/\/bulltec.it\/wp-content\/uploads\/2026\/01\/alta_Bulltec-060-300x200.png 300w, https:\/\/bulltec.it\/wp-content\/uploads\/2026\/01\/alta_Bulltec-060-768x512.png 768w\" sizes=\"(max-width: 800px) 100vw, 800px\" \/>\t\t\t\t\t\t\t\t\t\t\t\t\t\t\t<\/div>\n\t\t\t\t<\/div>\n\t\t\t\t<\/div>\n\t\t\t\t<\/div>\n\t\t","protected":false},"excerpt":{"rendered":"<p>Antes de vender una m\u00e1quina, construimos una soluci\u00f3n. Nuestros servicios se basan en el mismo principio que gu\u00eda nuestras m\u00e1quinas: entender lo que realmente se necesita para crear la soluci\u00f3n adecuada desde cero. Por este motivo, acompa\u00f1amos a nuestros clientes en cada fase, desde la consultor\u00eda inicial hasta la asistencia a largo plazo, con un [&hellip;]<\/p>\n","protected":false},"author":1,"featured_media":0,"parent":0,"menu_order":0,"comment_status":"closed","ping_status":"closed","template":"elementor_header_footer","meta":{"footnotes":""},"class_list":["post-2573","page","type-page","status-publish","hentry"],"_links":{"self":[{"href":"https:\/\/bulltec.it\/es\/wp-json\/wp\/v2\/pages\/2573","targetHints":{"allow":["GET"]}}],"collection":[{"href":"https:\/\/bulltec.it\/es\/wp-json\/wp\/v2\/pages"}],"about":[{"href":"https:\/\/bulltec.it\/es\/wp-json\/wp\/v2\/types\/page"}],"author":[{"embeddable":true,"href":"https:\/\/bulltec.it\/es\/wp-json\/wp\/v2\/users\/1"}],"replies":[{"embeddable":true,"href":"https:\/\/bulltec.it\/es\/wp-json\/wp\/v2\/comments?post=2573"}],"version-history":[{"count":4,"href":"https:\/\/bulltec.it\/es\/wp-json\/wp\/v2\/pages\/2573\/revisions"}],"predecessor-version":[{"id":2688,"href":"https:\/\/bulltec.it\/es\/wp-json\/wp\/v2\/pages\/2573\/revisions\/2688"}],"wp:attachment":[{"href":"https:\/\/bulltec.it\/es\/wp-json\/wp\/v2\/media?parent=2573"}],"curies":[{"name":"wp","href":"https:\/\/api.w.org\/{rel}","templated":true}]}}