{"id":2525,"date":"2026-02-02T15:28:17","date_gmt":"2026-02-02T14:28:17","guid":{"rendered":"https:\/\/bulltec.it\/?page_id=2525"},"modified":"2026-04-21T15:04:09","modified_gmt":"2026-04-21T13:04:09","slug":"pesadora-combinatoria-smart","status":"publish","type":"page","link":"https:\/\/bulltec.it\/es\/pesadora-combinatoria-smart\/","title":{"rendered":"PESADORA COMBINATORIA SMART"},"content":{"rendered":"\t\t<div data-elementor-type=\"wp-page\" data-elementor-id=\"2525\" class=\"elementor elementor-2525 elementor-384\" data-elementor-post-type=\"page\">\n\t\t\t\t<div class=\"elementor-element elementor-element-20797da e-flex e-con-boxed e-con e-parent\" data-id=\"20797da\" data-element_type=\"container\">\n\t\t\t\t\t<div class=\"e-con-inner\">\n\t\t\t\t<div class=\"elementor-element elementor-element-d8124c6 elementor-widget elementor-widget-spacer\" data-id=\"d8124c6\" data-element_type=\"widget\" data-widget_type=\"spacer.default\">\n\t\t\t\t\t\t\t<div class=\"elementor-spacer\">\n\t\t\t<div class=\"elementor-spacer-inner\"><\/div>\n\t\t<\/div>\n\t\t\t\t\t\t<\/div>\n\t\t\t\t\t<\/div>\n\t\t\t\t<\/div>\n\t\t<div class=\"elementor-element elementor-element-dbc579f e-con-full e-flex e-con e-parent\" data-id=\"dbc579f\" data-element_type=\"container\" data-settings=\"{&quot;background_background&quot;:&quot;classic&quot;}\">\n\t\t\t\t<div class=\"elementor-element elementor-element-6c60183 elementor-widget elementor-widget-spacer\" data-id=\"6c60183\" data-element_type=\"widget\" data-widget_type=\"spacer.default\">\n\t\t\t\t\t\t\t<div class=\"elementor-spacer\">\n\t\t\t<div class=\"elementor-spacer-inner\"><\/div>\n\t\t<\/div>\n\t\t\t\t\t\t<\/div>\n\t\t\t\t<\/div>\n\t\t<div class=\"elementor-element elementor-element-999020f e-con-full e-flex e-con e-parent\" data-id=\"999020f\" data-element_type=\"container\">\n\t\t<div class=\"elementor-element elementor-element-5bc37ec e-con-full e-flex elementor-invisible e-con e-child\" data-id=\"5bc37ec\" data-element_type=\"container\" data-settings=\"{&quot;animation&quot;:&quot;fadeInLeft&quot;}\">\n\t\t\t\t<div class=\"elementor-element elementor-element-9ee46d7 elementor-widget__width-initial elementor-widget-tablet__width-inherit elementor-widget elementor-widget-heading\" data-id=\"9ee46d7\" data-element_type=\"widget\" data-widget_type=\"heading.default\">\n\t\t\t\t\t<h2 class=\"elementor-heading-title elementor-size-default\">PESADORA COMBINATORIA SMART<\/h2>\t\t\t\t<\/div>\n\t\t\t\t<div class=\"elementor-element elementor-element-8fba5c5 elementor-widget__width-initial elementor-widget-tablet__width-inherit elementor-widget elementor-widget-heading\" data-id=\"8fba5c5\" data-element_type=\"widget\" data-widget_type=\"heading.default\">\n\t\t\t\t\t<h2 class=\"elementor-heading-title elementor-size-default\">Eficiencia compacta, precisi\u00f3n a medida<\/h2>\t\t\t\t<\/div>\n\t\t\t\t<div class=\"elementor-element elementor-element-57a3c9c elementor-widget__width-initial elementor-widget-tablet__width-inherit elementor-widget elementor-widget-text-editor\" data-id=\"57a3c9c\" data-element_type=\"widget\" data-widget_type=\"text-editor.default\">\n\t\t\t\t\t\t\t\t\t<p><span class=\"TextRun SCXW133727407 BCX0\" lang=\"ES-ES\" xml:lang=\"ES-ES\" data-contrast=\"none\"><span class=\"NormalTextRun SCXW133727407 BCX0\" data-ccp-parastyle=\"heading 2\">La automatizaci\u00f3n del envasado ya no est\u00e1 limitada a grandes producciones.<\/span><\/span><\/p><p><span class=\"TextRun SCXW261242604 BCX0\" lang=\"ES-ES\" xml:lang=\"ES-ES\" data-contrast=\"none\"><span class=\"NormalTextRun SCXW261242604 BCX0\" data-ccp-parastyle=\"heading 2\">Con SMART,\u00a0<\/span><span class=\"NormalTextRun SpellingErrorV2Themed SCXW261242604 BCX0\" data-ccp-parastyle=\"heading 2\">Bulltec<\/span><span class=\"NormalTextRun SCXW261242604 BCX0\" data-ccp-parastyle=\"heading 2\"> lleva precisi\u00f3n y fiabilidad tambi\u00e9n a entornos productivos peque\u00f1os y medianos.<\/span><\/span><\/p>\t\t\t\t\t\t\t\t<\/div>\n\t\t\t\t<\/div>\n\t\t<div class=\"elementor-element elementor-element-83b0008 e-con-full e-flex elementor-invisible e-con e-child\" data-id=\"83b0008\" data-element_type=\"container\" data-settings=\"{&quot;animation&quot;:&quot;fadeInRight&quot;}\">\n\t\t\t\t<div class=\"elementor-element elementor-element-6924b5a elementor-widget elementor-widget-image\" data-id=\"6924b5a\" data-element_type=\"widget\" data-widget_type=\"image.default\">\n\t\t\t\t\t\t\t\t\t\t\t\t\t\t\t<img fetchpriority=\"high\" decoding=\"async\" width=\"800\" height=\"533\" src=\"https:\/\/bulltec.it\/wp-content\/uploads\/2026\/02\/Peso-combinato-smart.png\" class=\"attachment-large size-large wp-image-2483\" alt=\"\" srcset=\"https:\/\/bulltec.it\/wp-content\/uploads\/2026\/02\/Peso-combinato-smart.png 960w, https:\/\/bulltec.it\/wp-content\/uploads\/2026\/02\/Peso-combinato-smart-300x200.png 300w, https:\/\/bulltec.it\/wp-content\/uploads\/2026\/02\/Peso-combinato-smart-768x512.png 768w\" sizes=\"(max-width: 800px) 100vw, 800px\" \/>\t\t\t\t\t\t\t\t\t\t\t\t\t\t\t<\/div>\n\t\t\t\t<\/div>\n\t\t\t\t<\/div>\n\t\t<div class=\"elementor-element elementor-element-3939d14 e-con-full e-flex e-con e-parent\" data-id=\"3939d14\" data-element_type=\"container\">\n\t\t<div class=\"elementor-element elementor-element-ad776f2 e-con-full e-flex elementor-invisible e-con e-child\" data-id=\"ad776f2\" data-element_type=\"container\" data-settings=\"{&quot;animation&quot;:&quot;fadeInLeft&quot;}\">\n\t\t\t\t<div class=\"elementor-element elementor-element-c66d89f elementor-widget elementor-widget-image\" data-id=\"c66d89f\" data-element_type=\"widget\" data-widget_type=\"image.default\">\n\t\t\t\t\t\t\t\t\t\t\t\t\t\t\t<img decoding=\"async\" width=\"800\" height=\"533\" src=\"https:\/\/bulltec.it\/wp-content\/uploads\/2026\/02\/Peso-combinato-smart-2.png\" class=\"attachment-large size-large wp-image-2522\" alt=\"\" srcset=\"https:\/\/bulltec.it\/wp-content\/uploads\/2026\/02\/Peso-combinato-smart-2.png 960w, https:\/\/bulltec.it\/wp-content\/uploads\/2026\/02\/Peso-combinato-smart-2-300x200.png 300w, https:\/\/bulltec.it\/wp-content\/uploads\/2026\/02\/Peso-combinato-smart-2-768x512.png 768w\" sizes=\"(max-width: 800px) 100vw, 800px\" \/>\t\t\t\t\t\t\t\t\t\t\t\t\t\t\t<\/div>\n\t\t\t\t<\/div>\n\t\t<div class=\"elementor-element elementor-element-4c5efa0 e-con-full e-flex elementor-invisible e-con e-child\" data-id=\"4c5efa0\" data-element_type=\"container\" data-settings=\"{&quot;animation&quot;:&quot;fadeInRight&quot;}\">\n\t\t\t\t<div class=\"elementor-element elementor-element-e9a8fe5 elementor-widget__width-initial elementor-widget-tablet__width-inherit elementor-widget elementor-widget-text-editor\" data-id=\"e9a8fe5\" data-element_type=\"widget\" data-widget_type=\"text-editor.default\">\n\t\t\t\t\t\t\t\t\t<ul><li aria-setsize=\"-1\" data-leveltext=\"\uf0b7\" data-font=\"Symbol\" data-listid=\"7\" data-list-defn-props=\"{&quot;335552541&quot;:1,&quot;335559685&quot;:720,&quot;335559991&quot;:360,&quot;469769226&quot;:&quot;Symbol&quot;,&quot;469769242&quot;:[8226],&quot;469777803&quot;:&quot;left&quot;,&quot;469777804&quot;:&quot;\uf0b7&quot;,&quot;469777815&quot;:&quot;multilevel&quot;}\" data-aria-posinset=\"1\" data-aria-level=\"1\"><span class=\"TextRun SCXW238209062 BCX0\" lang=\"ES-ES\" xml:lang=\"ES-ES\" data-contrast=\"none\"><span class=\"NormalTextRun SCXW238209062 BCX0\" data-ccp-parastyle=\"heading 2\">Dimensiones: solo 1 x 5,5 m<\/span><\/span><\/li><\/ul><ul><li aria-setsize=\"-1\" data-leveltext=\"\uf0b7\" data-font=\"Symbol\" data-listid=\"7\" data-list-defn-props=\"{&quot;335552541&quot;:1,&quot;335559685&quot;:720,&quot;335559991&quot;:360,&quot;469769226&quot;:&quot;Symbol&quot;,&quot;469769242&quot;:[8226],&quot;469777803&quot;:&quot;left&quot;,&quot;469777804&quot;:&quot;\uf0b7&quot;,&quot;469777815&quot;:&quot;multilevel&quot;}\" data-aria-posinset=\"2\" data-aria-level=\"1\"><span class=\"TextRun SCXW238209062 BCX0\" lang=\"ES-ES\" xml:lang=\"ES-ES\" data-contrast=\"none\"><span class=\"NormalTextRun SCXW238209062 BCX0\" data-ccp-parastyle=\"heading 2\">Hasta 50 envases por minuto<\/span><\/span><\/li><\/ul><ul><li aria-setsize=\"-1\" data-leveltext=\"\uf0b7\" data-font=\"Symbol\" data-listid=\"7\" data-list-defn-props=\"{&quot;335552541&quot;:1,&quot;335559685&quot;:720,&quot;335559991&quot;:360,&quot;469769226&quot;:&quot;Symbol&quot;,&quot;469769242&quot;:[8226],&quot;469777803&quot;:&quot;left&quot;,&quot;469777804&quot;:&quot;\uf0b7&quot;,&quot;469777815&quot;:&quot;multilevel&quot;}\" data-aria-posinset=\"3\" data-aria-level=\"1\"><span class=\"TextRun SCXW238209062 BCX0\" lang=\"ES-ES\" xml:lang=\"ES-ES\" data-contrast=\"none\"><span class=\"NormalTextRun SCXW238209062 BCX0\" data-ccp-parastyle=\"heading 2\">M\u00e1ximo 4 operarios<\/span><\/span><\/li><\/ul><ul><li aria-setsize=\"-1\" data-leveltext=\"\uf0b7\" data-font=\"Symbol\" data-listid=\"7\" data-list-defn-props=\"{&quot;335552541&quot;:1,&quot;335559685&quot;:720,&quot;335559991&quot;:360,&quot;469769226&quot;:&quot;Symbol&quot;,&quot;469769242&quot;:[8226],&quot;469777803&quot;:&quot;left&quot;,&quot;469777804&quot;:&quot;\uf0b7&quot;,&quot;469777815&quot;:&quot;multilevel&quot;}\" data-aria-posinset=\"4\" data-aria-level=\"1\"><span class=\"TextRun SCXW62881670 BCX0\" lang=\"ES-ES\" xml:lang=\"ES-ES\" data-contrast=\"none\"><span class=\"NormalTextRun SCXW62881670 BCX0\" data-ccp-parastyle=\"heading 2\">Sistema combinatorio de 12 cintas para pesos precisos y menor desperdicio<\/span><\/span><\/li><\/ul><ul><li aria-setsize=\"-1\" data-leveltext=\"\uf0b7\" data-font=\"Symbol\" data-listid=\"7\" data-list-defn-props=\"{&quot;335552541&quot;:1,&quot;335559685&quot;:720,&quot;335559991&quot;:360,&quot;469769226&quot;:&quot;Symbol&quot;,&quot;469769242&quot;:[8226],&quot;469777803&quot;:&quot;left&quot;,&quot;469777804&quot;:&quot;\uf0b7&quot;,&quot;469777815&quot;:&quot;multilevel&quot;}\" data-aria-posinset=\"5\" data-aria-level=\"1\"><span class=\"TextRun SCXW62881670 BCX0\" lang=\"ES-ES\" xml:lang=\"ES-ES\" data-contrast=\"none\"><span class=\"NormalTextRun SCXW62881670 BCX0\" data-ccp-parastyle=\"heading 2\">Doble estaci\u00f3n de precarga de bandejas<\/span><\/span><\/li><\/ul>\t\t\t\t\t\t\t\t<\/div>\n\t\t\t\t<\/div>\n\t\t\t\t<\/div>\n\t\t<div class=\"elementor-element elementor-element-643d9a5 e-con-full e-flex e-con e-parent\" data-id=\"643d9a5\" data-element_type=\"container\" data-settings=\"{&quot;background_background&quot;:&quot;classic&quot;}\">\n\t\t\t\t<div class=\"elementor-element elementor-element-4385469 elementor-widget elementor-widget-spacer\" data-id=\"4385469\" data-element_type=\"widget\" data-widget_type=\"spacer.default\">\n\t\t\t\t\t\t\t<div class=\"elementor-spacer\">\n\t\t\t<div class=\"elementor-spacer-inner\"><\/div>\n\t\t<\/div>\n\t\t\t\t\t\t<\/div>\n\t\t\t\t<\/div>\n\t\t<div class=\"elementor-element elementor-element-e5031d8 e-con-full e-flex e-con e-parent\" data-id=\"e5031d8\" data-element_type=\"container\">\n\t\t<div class=\"elementor-element elementor-element-c032c8e e-con-full e-flex elementor-invisible e-con e-child\" data-id=\"c032c8e\" data-element_type=\"container\" data-settings=\"{&quot;animation&quot;:&quot;fadeInLeft&quot;}\">\n\t\t\t\t<div class=\"elementor-element elementor-element-f3d55bc elementor-widget__width-initial elementor-widget-tablet__width-inherit elementor-widget elementor-widget-heading\" data-id=\"f3d55bc\" data-element_type=\"widget\" data-widget_type=\"heading.default\">\n\t\t\t\t\t<h2 class=\"elementor-heading-title elementor-size-default\">PESADORA COMBINATORIA SMART PLUS<\/h2>\t\t\t\t<\/div>\n\t\t\t\t<div class=\"elementor-element elementor-element-04d19bc elementor-widget__width-initial elementor-widget-tablet__width-inherit elementor-widget elementor-widget-heading\" data-id=\"04d19bc\" data-element_type=\"widget\" data-widget_type=\"heading.default\">\n\t\t\t\t\t<h2 class=\"elementor-heading-title elementor-size-default\">Eficiencia compacta, precisi\u00f3n a medida<\/h2>\t\t\t\t<\/div>\n\t\t\t\t<div class=\"elementor-element elementor-element-64ff259 elementor-widget__width-initial elementor-widget-tablet__width-inherit elementor-widget elementor-widget-text-editor\" data-id=\"64ff259\" data-element_type=\"widget\" data-widget_type=\"text-editor.default\">\n\t\t\t\t\t\t\t\t\t<p><span class=\"TextRun SCXW59146641 BCX0\" lang=\"ES-ES\" xml:lang=\"ES-ES\" data-contrast=\"none\"><span class=\"NormalTextRun SCXW59146641 BCX0\">La automatizaci\u00f3n del envasado ya no est\u00e1 limitada a grandes producciones.<\/span><\/span><\/p><p><span class=\"TextRun SCXW176553563 BCX0\" lang=\"ES-ES\" xml:lang=\"ES-ES\" data-contrast=\"none\"><span class=\"NormalTextRun SCXW176553563 BCX0\">Con SMART<\/span><span class=\"NormalTextRun SCXW176553563 BCX0\">\u00a0PLUS<\/span><span class=\"NormalTextRun SCXW176553563 BCX0\">,\u00a0<\/span><span class=\"NormalTextRun SpellingErrorV2Themed SCXW176553563 BCX0\">Bulltec<\/span><span class=\"NormalTextRun SCXW176553563 BCX0\"> lleva el rendimiento a\u00fan m\u00e1s lejos. Integrada en una l\u00ednea tradicional de caja a caja, puede alcanzar hasta 70 ciclos por minuto.<\/span><\/span><\/p>\t\t\t\t\t\t\t\t<\/div>\n\t\t\t\t<\/div>\n\t\t<div class=\"elementor-element elementor-element-1e10987 e-con-full e-flex elementor-invisible e-con e-child\" data-id=\"1e10987\" data-element_type=\"container\" data-settings=\"{&quot;animation&quot;:&quot;fadeInRight&quot;}\">\n\t\t\t\t<div class=\"elementor-element elementor-element-d5cce23 elementor-widget elementor-widget-image\" data-id=\"d5cce23\" data-element_type=\"widget\" data-widget_type=\"image.default\">\n\t\t\t\t\t\t\t\t\t\t\t\t\t\t\t<img fetchpriority=\"high\" decoding=\"async\" width=\"800\" height=\"533\" src=\"https:\/\/bulltec.it\/wp-content\/uploads\/2026\/02\/Peso-combinato-smart.png\" class=\"attachment-large size-large wp-image-2483\" alt=\"\" srcset=\"https:\/\/bulltec.it\/wp-content\/uploads\/2026\/02\/Peso-combinato-smart.png 960w, https:\/\/bulltec.it\/wp-content\/uploads\/2026\/02\/Peso-combinato-smart-300x200.png 300w, https:\/\/bulltec.it\/wp-content\/uploads\/2026\/02\/Peso-combinato-smart-768x512.png 768w\" sizes=\"(max-width: 800px) 100vw, 800px\" \/>\t\t\t\t\t\t\t\t\t\t\t\t\t\t\t<\/div>\n\t\t\t\t<\/div>\n\t\t\t\t<\/div>\n\t\t<div class=\"elementor-element elementor-element-380deff e-con-full e-flex e-con e-parent\" data-id=\"380deff\" data-element_type=\"container\">\n\t\t<div class=\"elementor-element elementor-element-add6b31 e-con-full e-flex elementor-invisible e-con e-child\" data-id=\"add6b31\" data-element_type=\"container\" data-settings=\"{&quot;animation&quot;:&quot;fadeInLeft&quot;}\">\n\t\t\t\t<div class=\"elementor-element elementor-element-025956f elementor-widget elementor-widget-image\" data-id=\"025956f\" data-element_type=\"widget\" data-widget_type=\"image.default\">\n\t\t\t\t\t\t\t\t\t\t\t\t\t\t\t<img decoding=\"async\" width=\"800\" height=\"533\" src=\"https:\/\/bulltec.it\/wp-content\/uploads\/2026\/02\/Peso-combinato-smart-2.png\" class=\"attachment-large size-large wp-image-2522\" alt=\"\" srcset=\"https:\/\/bulltec.it\/wp-content\/uploads\/2026\/02\/Peso-combinato-smart-2.png 960w, https:\/\/bulltec.it\/wp-content\/uploads\/2026\/02\/Peso-combinato-smart-2-300x200.png 300w, https:\/\/bulltec.it\/wp-content\/uploads\/2026\/02\/Peso-combinato-smart-2-768x512.png 768w\" sizes=\"(max-width: 800px) 100vw, 800px\" \/>\t\t\t\t\t\t\t\t\t\t\t\t\t\t\t<\/div>\n\t\t\t\t<\/div>\n\t\t<div class=\"elementor-element elementor-element-1a3f107 e-con-full e-flex elementor-invisible e-con e-child\" data-id=\"1a3f107\" data-element_type=\"container\" data-settings=\"{&quot;animation&quot;:&quot;fadeInRight&quot;}\">\n\t\t\t\t<div class=\"elementor-element elementor-element-0fa4fbe elementor-widget__width-initial elementor-widget-tablet__width-inherit elementor-widget elementor-widget-text-editor\" data-id=\"0fa4fbe\" data-element_type=\"widget\" data-widget_type=\"text-editor.default\">\n\t\t\t\t\t\t\t\t\t<ul><li><span class=\"TextRun SCXW156868865 BCX0\" lang=\"ES-ES\" xml:lang=\"ES-ES\" data-contrast=\"none\"><span class=\"NormalTextRun SCXW156868865 BCX0\">Dimensiones: 1 x 5,5 m<\/span><\/span><\/li><li><span class=\"TextRun SCXW156868865 BCX0\" lang=\"ES-ES\" xml:lang=\"ES-ES\" data-contrast=\"none\"><span class=\"NormalTextRun SCXW156868865 BCX0\">Hasta 70 envases por minuto en l\u00edneas existentes<\/span><\/span><\/li><li><span class=\"TextRun SCXW156868865 BCX0\" lang=\"ES-ES\" xml:lang=\"ES-ES\" data-contrast=\"none\"><span class=\"NormalTextRun SCXW156868865 BCX0\">M\u00e1ximo 4 operarios<\/span><\/span><\/li><li><span class=\"TextRun SCXW156868865 BCX0\" lang=\"ES-ES\" xml:lang=\"ES-ES\" data-contrast=\"none\"><span class=\"NormalTextRun SCXW156868865 BCX0\">Sistema combinatorio de 16 cintas<\/span><\/span><\/li><li><span class=\"TextRun SCXW74371477 BCX0\" lang=\"ES-ES\" xml:lang=\"ES-ES\" data-contrast=\"none\"><span class=\"NormalTextRun SCXW74371477 BCX0\">Doble estaci\u00f3n de precarga de bandejas<\/span><\/span><\/li><\/ul>\t\t\t\t\t\t\t\t<\/div>\n\t\t\t\t<\/div>\n\t\t\t\t<\/div>\n\t\t\t\t<\/div>\n\t\t","protected":false},"excerpt":{"rendered":"<p>PESADORA COMBINATORIA SMART Eficiencia compacta, precisi\u00f3n a medida La automatizaci\u00f3n del envasado ya no est\u00e1 limitada a grandes producciones. Con SMART,\u00a0Bulltec lleva precisi\u00f3n y fiabilidad tambi\u00e9n a entornos productivos peque\u00f1os y medianos. Dimensiones: solo 1 x 5,5 m Hasta 50 envases por minuto M\u00e1ximo 4 operarios Sistema combinatorio de 12 cintas para pesos precisos y [&hellip;]<\/p>\n","protected":false},"author":1,"featured_media":0,"parent":0,"menu_order":0,"comment_status":"closed","ping_status":"closed","template":"elementor_header_footer","meta":{"footnotes":""},"class_list":["post-2525","page","type-page","status-publish","hentry"],"_links":{"self":[{"href":"https:\/\/bulltec.it\/es\/wp-json\/wp\/v2\/pages\/2525","targetHints":{"allow":["GET"]}}],"collection":[{"href":"https:\/\/bulltec.it\/es\/wp-json\/wp\/v2\/pages"}],"about":[{"href":"https:\/\/bulltec.it\/es\/wp-json\/wp\/v2\/types\/page"}],"author":[{"embeddable":true,"href":"https:\/\/bulltec.it\/es\/wp-json\/wp\/v2\/users\/1"}],"replies":[{"embeddable":true,"href":"https:\/\/bulltec.it\/es\/wp-json\/wp\/v2\/comments?post=2525"}],"version-history":[{"count":4,"href":"https:\/\/bulltec.it\/es\/wp-json\/wp\/v2\/pages\/2525\/revisions"}],"predecessor-version":[{"id":2663,"href":"https:\/\/bulltec.it\/es\/wp-json\/wp\/v2\/pages\/2525\/revisions\/2663"}],"wp:attachment":[{"href":"https:\/\/bulltec.it\/es\/wp-json\/wp\/v2\/media?parent=2525"}],"curies":[{"name":"wp","href":"https:\/\/api.w.org\/{rel}","templated":true}]}}