{"id":2518,"date":"2026-02-02T15:11:30","date_gmt":"2026-02-02T14:11:30","guid":{"rendered":"https:\/\/bulltec.it\/?page_id=2518"},"modified":"2026-04-21T14:57:32","modified_gmt":"2026-04-21T12:57:32","slug":"peso-combinado","status":"publish","type":"page","link":"https:\/\/bulltec.it\/es\/peso-combinado\/","title":{"rendered":"PESO COMBINADO"},"content":{"rendered":"\t\t<div data-elementor-type=\"wp-page\" data-elementor-id=\"2518\" class=\"elementor elementor-2518 elementor-374\" data-elementor-post-type=\"page\">\n\t\t\t\t<div class=\"elementor-element elementor-element-2afbd1f e-flex e-con-boxed e-con e-parent\" data-id=\"2afbd1f\" data-element_type=\"container\">\n\t\t\t\t\t<div class=\"e-con-inner\">\n\t\t\t\t<div class=\"elementor-element elementor-element-798ec37 elementor-widget elementor-widget-spacer\" data-id=\"798ec37\" data-element_type=\"widget\" data-widget_type=\"spacer.default\">\n\t\t\t\t\t\t\t<div class=\"elementor-spacer\">\n\t\t\t<div class=\"elementor-spacer-inner\"><\/div>\n\t\t<\/div>\n\t\t\t\t\t\t<\/div>\n\t\t\t\t\t<\/div>\n\t\t\t\t<\/div>\n\t\t<div class=\"elementor-element elementor-element-dbc579f e-con-full e-flex e-con e-parent\" data-id=\"dbc579f\" data-element_type=\"container\" data-settings=\"{&quot;background_background&quot;:&quot;classic&quot;}\">\n\t\t\t\t<div class=\"elementor-element elementor-element-6c60183 elementor-widget elementor-widget-spacer\" data-id=\"6c60183\" data-element_type=\"widget\" data-widget_type=\"spacer.default\">\n\t\t\t\t\t\t\t<div class=\"elementor-spacer\">\n\t\t\t<div class=\"elementor-spacer-inner\"><\/div>\n\t\t<\/div>\n\t\t\t\t\t\t<\/div>\n\t\t\t\t<\/div>\n\t\t<div class=\"elementor-element elementor-element-999020f e-con-full e-flex e-con e-parent\" data-id=\"999020f\" data-element_type=\"container\">\n\t\t<div class=\"elementor-element elementor-element-5bc37ec e-con-full e-flex elementor-invisible e-con e-child\" data-id=\"5bc37ec\" data-element_type=\"container\" data-settings=\"{&quot;animation&quot;:&quot;fadeInLeft&quot;}\">\n\t\t\t\t<div class=\"elementor-element elementor-element-9ee46d7 elementor-widget__width-initial elementor-widget-tablet__width-inherit elementor-widget elementor-widget-heading\" data-id=\"9ee46d7\" data-element_type=\"widget\" data-widget_type=\"heading.default\">\n\t\t\t\t\t<h2 class=\"elementor-heading-title elementor-size-default\">PESO COMBINADO<\/h2>\t\t\t\t<\/div>\n\t\t\t\t<div class=\"elementor-element elementor-element-57a3c9c elementor-widget__width-initial elementor-widget-tablet__width-inherit elementor-widget elementor-widget-text-editor\" data-id=\"57a3c9c\" data-element_type=\"widget\" data-widget_type=\"text-editor.default\">\n\t\t\t\t\t\t\t\t\t<p><span lang=\"IT-IT\" xml:lang=\"IT-IT\" data-contrast=\"auto\"><span class=\"TextRun SCXW174312885 BCX0\" lang=\"ES-ES\" xml:lang=\"ES-ES\" data-contrast=\"none\"><span class=\"NormalTextRun SpellingErrorV2Themed SCXW174312885 BCX0\" data-ccp-parastyle=\"heading 3\">Bulltec<\/span><span class=\"NormalTextRun SCXW174312885 BCX0\" data-ccp-parastyle=\"heading 3\"> ha dise\u00f1ado y desarrollado una nueva tipolog\u00eda de l\u00ednea para optimizar y simplificar el procesamiento de productos destinados al envasado en bandejas, cestillos o redes a peso m\u00ednimo garantizado.<\/span><\/span><\/span><\/p><p><span class=\"TextRun SCXW116087782 BCX0\" lang=\"ES-ES\" xml:lang=\"ES-ES\" data-contrast=\"none\"><span class=\"NormalTextRun SCXW116087782 BCX0\" data-ccp-parastyle=\"heading 3\">Esta l\u00ednea innovadora, patentada en 2022, representa una soluci\u00f3n avanzada para quienes buscan m\u00e1xima precisi\u00f3n y eficiencia.<\/span><\/span><\/p><p><span class=\"TextRun SCXW39181180 BCX0\" lang=\"ES-ES\" xml:lang=\"ES-ES\" data-contrast=\"none\"><span class=\"NormalTextRun SCXW39181180 BCX0\" data-ccp-parastyle=\"heading 3\">El sistema utiliza software\u00a0<\/span><span class=\"NormalTextRun SpellingErrorV2Themed SCXW39181180 BCX0\" data-ccp-parastyle=\"heading 3\">Bulltec<\/span><span class=\"NormalTextRun SCXW39181180 BCX0\" data-ccp-parastyle=\"heading 3\"> que calcula autom\u00e1ticamente la mejor combinaci\u00f3n de producto para alcanzar el peso objetivo minimizando los excesos.<\/span><\/span><\/p>\t\t\t\t\t\t\t\t<\/div>\n\t\t\t\t<\/div>\n\t\t<div class=\"elementor-element elementor-element-83b0008 e-con-full e-flex elementor-invisible e-con e-child\" data-id=\"83b0008\" data-element_type=\"container\" data-settings=\"{&quot;animation&quot;:&quot;fadeInRight&quot;}\">\n\t\t\t\t<div class=\"elementor-element elementor-element-6924b5a elementor-widget elementor-widget-image\" data-id=\"6924b5a\" data-element_type=\"widget\" data-widget_type=\"image.default\">\n\t\t\t\t\t\t\t\t\t\t\t\t\t\t\t<img fetchpriority=\"high\" decoding=\"async\" width=\"800\" height=\"533\" src=\"https:\/\/bulltec.it\/wp-content\/uploads\/2026\/02\/Peso-combinato.png\" class=\"attachment-large size-large wp-image-2482\" alt=\"\" srcset=\"https:\/\/bulltec.it\/wp-content\/uploads\/2026\/02\/Peso-combinato.png 960w, https:\/\/bulltec.it\/wp-content\/uploads\/2026\/02\/Peso-combinato-300x200.png 300w, https:\/\/bulltec.it\/wp-content\/uploads\/2026\/02\/Peso-combinato-768x512.png 768w\" sizes=\"(max-width: 800px) 100vw, 800px\" \/>\t\t\t\t\t\t\t\t\t\t\t\t\t\t\t<\/div>\n\t\t\t\t<\/div>\n\t\t\t\t<\/div>\n\t\t<div class=\"elementor-element elementor-element-3939d14 e-con-full e-flex e-con e-parent\" data-id=\"3939d14\" data-element_type=\"container\">\n\t\t<div class=\"elementor-element elementor-element-ad776f2 e-con-full e-flex elementor-invisible e-con e-child\" data-id=\"ad776f2\" data-element_type=\"container\" data-settings=\"{&quot;animation&quot;:&quot;fadeInLeft&quot;}\">\n\t\t\t\t<div class=\"elementor-element elementor-element-c66d89f elementor-widget elementor-widget-image\" data-id=\"c66d89f\" data-element_type=\"widget\" data-widget_type=\"image.default\">\n\t\t\t\t\t\t\t\t\t\t\t\t\t\t\t<img decoding=\"async\" width=\"800\" height=\"533\" src=\"https:\/\/bulltec.it\/wp-content\/uploads\/2026\/02\/Foto-pomodorini.png\" class=\"attachment-large size-large wp-image-2516\" alt=\"\" srcset=\"https:\/\/bulltec.it\/wp-content\/uploads\/2026\/02\/Foto-pomodorini.png 960w, https:\/\/bulltec.it\/wp-content\/uploads\/2026\/02\/Foto-pomodorini-300x200.png 300w, https:\/\/bulltec.it\/wp-content\/uploads\/2026\/02\/Foto-pomodorini-768x512.png 768w\" sizes=\"(max-width: 800px) 100vw, 800px\" \/>\t\t\t\t\t\t\t\t\t\t\t\t\t\t\t<\/div>\n\t\t\t\t<\/div>\n\t\t<div class=\"elementor-element elementor-element-4c5efa0 e-con-full e-flex elementor-invisible e-con e-child\" data-id=\"4c5efa0\" data-element_type=\"container\" data-settings=\"{&quot;animation&quot;:&quot;fadeInRight&quot;}\">\n\t\t\t\t<div class=\"elementor-element elementor-element-e9a8fe5 elementor-widget__width-initial elementor-widget-tablet__width-inherit elementor-widget elementor-widget-text-editor\" data-id=\"e9a8fe5\" data-element_type=\"widget\" data-widget_type=\"text-editor.default\">\n\t\t\t\t\t\t\t\t\t<p><span class=\"TextRun SCXW80928612 BCX0\" lang=\"ES-ES\" xml:lang=\"ES-ES\" data-contrast=\"none\"><span class=\"NormalTextRun SCXW80928612 BCX0\" data-ccp-parastyle=\"heading 3\">La l\u00ednea garantiza tambi\u00e9n una manipulaci\u00f3n delicada, eliminando ca\u00eddas entre fases.<\/span><\/span><\/p><p><span class=\"TextRun SCXW164048668 BCX0\" lang=\"ES-ES\" xml:lang=\"ES-ES\" data-contrast=\"none\"><span class=\"NormalTextRun SCXW164048668 BCX0\" data-ccp-parastyle=\"heading 3\">Los clientes registran un aumento de productividad por operario del 35% al 40%.<\/span><\/span><\/p><p><span class=\"TextRun SCXW205657204 BCX0\" lang=\"ES-ES\" xml:lang=\"ES-ES\" data-contrast=\"none\"><span class=\"NormalTextRun SCXW205657204 BCX0\" data-ccp-parastyle=\"heading 3\">Totalmente personalizable e integrable en l\u00edneas existentes.<\/span><\/span><\/p>\t\t\t\t\t\t\t\t<\/div>\n\t\t\t\t<\/div>\n\t\t\t\t<\/div>\n\t\t<div class=\"elementor-element elementor-element-f217359 e-flex e-con-boxed e-con e-parent\" data-id=\"f217359\" data-element_type=\"container\">\n\t\t\t\t\t<div class=\"e-con-inner\">\n\t\t\t\t<div class=\"elementor-element elementor-element-fa53c05 elementor-view-default elementor-widget elementor-widget-icon\" data-id=\"fa53c05\" data-element_type=\"widget\" data-widget_type=\"icon.default\">\n\t\t\t\t\t\t\t<div class=\"elementor-icon-wrapper\">\n\t\t\t<div class=\"elementor-icon\">\n\t\t\t<svg aria-hidden=\"true\" class=\"e-font-icon-svg e-fas-caret-right\" viewBox=\"0 0 192 512\" xmlns=\"http:\/\/www.w3.org\/2000\/svg\"><path d=\"M0 384.662V127.338c0-17.818 21.543-26.741 34.142-14.142l128.662 128.662c7.81 7.81 7.81 20.474 0 28.284L34.142 398.804C21.543 411.404 0 402.48 0 384.662z\"><\/path><\/svg>\t\t\t<\/div>\n\t\t<\/div>\n\t\t\t\t\t\t<\/div>\n\t\t\t\t<div class=\"elementor-element elementor-element-d5bc0c5 elementor-widget elementor-widget-heading\" data-id=\"d5bc0c5\" data-element_type=\"widget\" data-widget_type=\"heading.default\">\n\t\t\t\t\t<h2 class=\"elementor-heading-title elementor-size-default\">Especificaciones t\u00e9cnicas<\/h2>\t\t\t\t<\/div>\n\t\t\t\t\t<\/div>\n\t\t\t\t<\/div>\n\t\t<div class=\"elementor-element elementor-element-4c9056b e-flex e-con-boxed e-con e-parent\" data-id=\"4c9056b\" data-element_type=\"container\">\n\t\t\t\t\t<div class=\"e-con-inner\">\n\t\t\t\t<div class=\"elementor-element elementor-element-2dcd218 e-n-tabs-mobile elementor-widget elementor-widget-n-tabs\" data-id=\"2dcd218\" data-element_type=\"widget\" data-widget_type=\"nested-tabs.default\">\n\t\t\t\t\t\t\t<div class=\"e-n-tabs\" data-widget-number=\"48026136\" aria-label=\"Pesta\u00f1as. Abre elementos con Intro o Espacio, ci\u00e9rralos con Escape y navega con las fechas.\">\n\t\t\t<div class=\"e-n-tabs-heading\" role=\"tablist\">\n\t\t\t\t\t<button id=\"e-n-tab-title-480261361\" data-tab-title-id=\"e-n-tab-title-480261361\" class=\"e-n-tab-title\" aria-selected=\"true\" data-tab-index=\"1\" role=\"tab\" tabindex=\"0\" aria-controls=\"e-n-tab-content-480261361\" style=\"--n-tabs-title-order: 1;\">\n\t\t\t\t\t\t<span class=\"e-n-tab-title-text\">\n\t\t\t\tCaracter\u00edsticas de funcionamiento\t\t\t<\/span>\n\t\t<\/button>\n\t\t\t\t<button id=\"e-n-tab-title-480261362\" data-tab-title-id=\"e-n-tab-title-480261362\" class=\"e-n-tab-title\" aria-selected=\"false\" data-tab-index=\"2\" role=\"tab\" tabindex=\"-1\" aria-controls=\"e-n-tab-content-480261362\" style=\"--n-tabs-title-order: 2;\">\n\t\t\t\t\t\t<span class=\"e-n-tab-title-text\">\n\t\t\t\tCaracter\u00edsticas t\u00e9cnicas\t\t\t<\/span>\n\t\t<\/button>\n\t\t\t\t<button id=\"e-n-tab-title-480261363\" data-tab-title-id=\"e-n-tab-title-480261363\" class=\"e-n-tab-title\" aria-selected=\"false\" data-tab-index=\"3\" role=\"tab\" tabindex=\"-1\" aria-controls=\"e-n-tab-content-480261363\" style=\"--n-tabs-title-order: 3;\">\n\t\t\t\t\t\t<span class=\"e-n-tab-title-text\">\n\t\t\t\tVariantes de la m\u00e1quina\t\t\t<\/span>\n\t\t<\/button>\n\t\t\t\t\t<\/div>\n\t\t\t<div class=\"e-n-tabs-content\">\n\t\t\t\t<div id=\"e-n-tab-content-480261361\" role=\"tabpanel\" aria-labelledby=\"e-n-tab-title-480261361\" data-tab-index=\"1\" style=\"--n-tabs-title-order: 1;\" class=\"e-active elementor-element elementor-element-ea757bf e-con-full e-flex e-con e-child\" data-id=\"ea757bf\" data-element_type=\"container\">\n\t\t\t\t<div class=\"elementor-element elementor-element-541e318 elementor-widget__width-initial elementor-widget-tablet__width-inherit elementor-widget elementor-widget-text-editor\" data-id=\"541e318\" data-element_type=\"widget\" data-widget_type=\"text-editor.default\">\n\t\t\t\t\t\t\t\t\t<ul><li aria-setsize=\"-1\" data-leveltext=\"\uf0b7\" data-font=\"Symbol\" data-listid=\"34\" data-list-defn-props=\"{&quot;335552541&quot;:1,&quot;335559685&quot;:720,&quot;335559991&quot;:360,&quot;469769226&quot;:&quot;Symbol&quot;,&quot;469769242&quot;:[8226],&quot;469777803&quot;:&quot;left&quot;,&quot;469777804&quot;:&quot;\uf0b7&quot;,&quot;469777815&quot;:&quot;hybridMultilevel&quot;}\" data-aria-posinset=\"1\" data-aria-level=\"1\"><span class=\"TextRun SCXW82062604 BCX0\" lang=\"ES-ES\" xml:lang=\"ES-ES\" data-contrast=\"auto\"><span class=\"NormalTextRun SCXW82062604 BCX0\">Hasta 45 envases por minuto \u2013 precisi\u00f3n media \u00b13%<\/span><\/span><span class=\"LineBreakBlob BlobObject DragDrop SCXW82062604 BCX0\"><br class=\"SCXW82062604 BCX0\" \/><\/span><\/li><\/ul><ul><li aria-setsize=\"-1\" data-leveltext=\"\uf0b7\" data-font=\"Symbol\" data-listid=\"34\" data-list-defn-props=\"{&quot;335552541&quot;:1,&quot;335559685&quot;:720,&quot;335559991&quot;:360,&quot;469769226&quot;:&quot;Symbol&quot;,&quot;469769242&quot;:[8226],&quot;469777803&quot;:&quot;left&quot;,&quot;469777804&quot;:&quot;\uf0b7&quot;,&quot;469777815&quot;:&quot;hybridMultilevel&quot;}\" data-aria-posinset=\"2\" data-aria-level=\"1\"><span class=\"TextRun SCXW82062604 BCX0\" lang=\"ES-ES\" xml:lang=\"ES-ES\" data-contrast=\"auto\"><span class=\"NormalTextRun SCXW82062604 BCX0\">Hasta 6 operarios en la carga<\/span><\/span><\/li><\/ul><ul><li aria-setsize=\"-1\" data-leveltext=\"\uf0b7\" data-font=\"Symbol\" data-listid=\"34\" data-list-defn-props=\"{&quot;335552541&quot;:1,&quot;335559685&quot;:720,&quot;335559991&quot;:360,&quot;469769226&quot;:&quot;Symbol&quot;,&quot;469769242&quot;:[8226],&quot;469777803&quot;:&quot;left&quot;,&quot;469777804&quot;:&quot;\uf0b7&quot;,&quot;469777815&quot;:&quot;hybridMultilevel&quot;}\" data-aria-posinset=\"3\" data-aria-level=\"1\"><span class=\"TextRun SCXW82062604 BCX0\" lang=\"ES-ES\" xml:lang=\"ES-ES\" data-contrast=\"auto\"><span class=\"NormalTextRun SCXW82062604 BCX0\">Hasta 3 operarios en el envasado<\/span><\/span><\/li><\/ul>\t\t\t\t\t\t\t\t<\/div>\n\t\t\t\t<\/div>\n\t\t<div id=\"e-n-tab-content-480261362\" role=\"tabpanel\" aria-labelledby=\"e-n-tab-title-480261362\" data-tab-index=\"2\" style=\"--n-tabs-title-order: 2;\" class=\" elementor-element elementor-element-e567c1a e-con-full e-flex e-con e-child\" data-id=\"e567c1a\" data-element_type=\"container\">\n\t\t\t\t<div class=\"elementor-element elementor-element-7a45c9c elementor-widget__width-initial elementor-widget-tablet__width-inherit elementor-widget elementor-widget-text-editor\" data-id=\"7a45c9c\" data-element_type=\"widget\" data-widget_type=\"text-editor.default\">\n\t\t\t\t\t\t\t\t\t<ul><li aria-setsize=\"-1\" data-leveltext=\"\uf0b7\" data-font=\"Symbol\" data-listid=\"35\" data-list-defn-props=\"{&quot;335552541&quot;:1,&quot;335559685&quot;:720,&quot;335559991&quot;:360,&quot;469769226&quot;:&quot;Symbol&quot;,&quot;469769242&quot;:[8226],&quot;469777803&quot;:&quot;left&quot;,&quot;469777804&quot;:&quot;\uf0b7&quot;,&quot;469777815&quot;:&quot;hybridMultilevel&quot;}\" data-aria-posinset=\"1\" data-aria-level=\"1\"><span class=\"TextRun SCXW261416366 BCX0\" lang=\"ES-ES\" xml:lang=\"ES-ES\" data-contrast=\"auto\"><span class=\"NormalTextRun SCXW261416366 BCX0\">12 cintas de pesaje combinatorio<\/span><\/span><\/li><\/ul><ul><li aria-setsize=\"-1\" data-leveltext=\"\uf0b7\" data-font=\"Symbol\" data-listid=\"35\" data-list-defn-props=\"{&quot;335552541&quot;:1,&quot;335559685&quot;:720,&quot;335559991&quot;:360,&quot;469769226&quot;:&quot;Symbol&quot;,&quot;469769242&quot;:[8226],&quot;469777803&quot;:&quot;left&quot;,&quot;469777804&quot;:&quot;\uf0b7&quot;,&quot;469777815&quot;:&quot;hybridMultilevel&quot;}\" data-aria-posinset=\"2\" data-aria-level=\"1\"><span class=\"TextRun SCXW261416366 BCX0\" lang=\"ES-ES\" xml:lang=\"ES-ES\" data-contrast=\"auto\"><span class=\"NormalTextRun SCXW261416366 BCX0\">12 cintas de alimentaci\u00f3n de producto \u2013 una por cada cinta de pesaje<\/span><\/span><\/li><\/ul><ul><li aria-setsize=\"-1\" data-leveltext=\"\uf0b7\" data-font=\"Symbol\" data-listid=\"35\" data-list-defn-props=\"{&quot;335552541&quot;:1,&quot;335559685&quot;:720,&quot;335559991&quot;:360,&quot;469769226&quot;:&quot;Symbol&quot;,&quot;469769242&quot;:[8226],&quot;469777803&quot;:&quot;left&quot;,&quot;469777804&quot;:&quot;\uf0b7&quot;,&quot;469777815&quot;:&quot;hybridMultilevel&quot;}\" data-aria-posinset=\"3\" data-aria-level=\"1\"><span class=\"TextRun SCXW261416366 BCX0\" lang=\"ES-ES\" xml:lang=\"ES-ES\" data-contrast=\"auto\"><span class=\"NormalTextRun SCXW261416366 BCX0\">Capacidad de acumulaci\u00f3n de hasta 45 productos<\/span><\/span><\/li><\/ul><ul><li aria-setsize=\"-1\" data-leveltext=\"\uf0b7\" data-font=\"Symbol\" data-listid=\"35\" data-list-defn-props=\"{&quot;335552541&quot;:1,&quot;335559685&quot;:720,&quot;335559991&quot;:360,&quot;469769226&quot;:&quot;Symbol&quot;,&quot;469769242&quot;:[8226],&quot;469777803&quot;:&quot;left&quot;,&quot;469777804&quot;:&quot;\uf0b7&quot;,&quot;469777815&quot;:&quot;hybridMultilevel&quot;}\" data-aria-posinset=\"4\" data-aria-level=\"1\"><span class=\"TextRun SCXW23528309 BCX0\" lang=\"ES-ES\" xml:lang=\"ES-ES\" data-contrast=\"auto\"><span class=\"NormalTextRun SCXW23528309 BCX0\">Cinta de rechazo para la gesti\u00f3n completa del producto<\/span><\/span><\/li><\/ul>\t\t\t\t\t\t\t\t<\/div>\n\t\t\t\t<\/div>\n\t\t<div id=\"e-n-tab-content-480261363\" role=\"tabpanel\" aria-labelledby=\"e-n-tab-title-480261363\" data-tab-index=\"3\" style=\"--n-tabs-title-order: 3;\" class=\" elementor-element elementor-element-1aa8e43 e-con-full e-flex e-con e-child\" data-id=\"1aa8e43\" data-element_type=\"container\">\n\t\t\t\t<div class=\"elementor-element elementor-element-7e9f3fa elementor-widget__width-initial elementor-widget-tablet__width-inherit elementor-widget elementor-widget-text-editor\" data-id=\"7e9f3fa\" data-element_type=\"widget\" data-widget_type=\"text-editor.default\">\n\t\t\t\t\t\t\t\t\t<ul><li aria-setsize=\"-1\" data-leveltext=\"-\" data-font=\"Aptos\" data-listid=\"32\" data-list-defn-props=\"{&quot;335552541&quot;:1,&quot;335559685&quot;:720,&quot;335559991&quot;:360,&quot;469769226&quot;:&quot;Aptos&quot;,&quot;469769242&quot;:[8226],&quot;469777803&quot;:&quot;left&quot;,&quot;469777804&quot;:&quot;-&quot;,&quot;469777815&quot;:&quot;hybridMultilevel&quot;}\" data-aria-posinset=\"1\" data-aria-level=\"1\"><span class=\"TextRun SCXW81997518 BCX0\" lang=\"ES-ES\" xml:lang=\"ES-ES\" data-contrast=\"none\"><span class=\"NormalTextRun SCXW81997518 BCX0\"><strong>Pesadora combinatoria para hortalizas<\/strong>: versi\u00f3n completa con 6 estaciones de carga y gesti\u00f3n de rechazo<\/span><\/span><\/li><\/ul><ul><li aria-setsize=\"-1\" data-leveltext=\"-\" data-font=\"Aptos\" data-listid=\"32\" data-list-defn-props=\"{&quot;335552541&quot;:1,&quot;335559685&quot;:720,&quot;335559991&quot;:360,&quot;469769226&quot;:&quot;Aptos&quot;,&quot;469769242&quot;:[8226],&quot;469777803&quot;:&quot;left&quot;,&quot;469777804&quot;:&quot;-&quot;,&quot;469777815&quot;:&quot;hybridMultilevel&quot;}\" data-aria-posinset=\"2\" data-aria-level=\"1\"><span class=\"TextRun SCXW15156329 BCX0\" lang=\"ES-ES\" xml:lang=\"ES-ES\" data-contrast=\"none\"><span class=\"NormalTextRun SCXW15156329 BCX0\"><strong>Pesadora combinatoria compacta<\/strong>: mismas prestaciones, menor espacio, sin sistema de rechazo<\/span><\/span><\/li><\/ul><ul><li aria-setsize=\"-1\" data-leveltext=\"-\" data-font=\"Aptos\" data-listid=\"32\" data-list-defn-props=\"{&quot;335552541&quot;:1,&quot;335559685&quot;:720,&quot;335559991&quot;:360,&quot;469769226&quot;:&quot;Aptos&quot;,&quot;469769242&quot;:[8226],&quot;469777803&quot;:&quot;left&quot;,&quot;469777804&quot;:&quot;-&quot;,&quot;469777815&quot;:&quot;hybridMultilevel&quot;}\" data-aria-posinset=\"3\" data-aria-level=\"1\"><span class=\"TextRun SCXW179045039 BCX0\" lang=\"ES-ES\" xml:lang=\"ES-ES\" data-contrast=\"none\"><strong><span class=\"NormalTextRun SCXW179045039 BCX0\">Pesadora combinatoria para uva de mesa y tomate\u00a0<\/span><\/strong><span class=\"NormalTextRun SpellingErrorV2Themed SCXW179045039 BCX0\"><strong>cherry<\/strong>: <\/span><span class=\"NormalTextRun SCXW179045039 BCX0\">con integraciones espec\u00edficas<\/span><\/span><\/li><\/ul>\t\t\t\t\t\t\t\t<\/div>\n\t\t\t\t<\/div>\n\t\t\t\t\t<\/div>\n\t\t<\/div>\n\t\t\t\t\t\t<\/div>\n\t\t\t\t\t<\/div>\n\t\t\t\t<\/div>\n\t\t\t\t<\/div>\n\t\t","protected":false},"excerpt":{"rendered":"<p>PESO COMBINADO Bulltec ha dise\u00f1ado y desarrollado una nueva tipolog\u00eda de l\u00ednea para optimizar y simplificar el procesamiento de productos destinados al envasado en bandejas, cestillos o redes a peso m\u00ednimo garantizado. Esta l\u00ednea innovadora, patentada en 2022, representa una soluci\u00f3n avanzada para quienes buscan m\u00e1xima precisi\u00f3n y eficiencia. El sistema utiliza software\u00a0Bulltec que calcula [&hellip;]<\/p>\n","protected":false},"author":1,"featured_media":0,"parent":0,"menu_order":0,"comment_status":"closed","ping_status":"closed","template":"elementor_header_footer","meta":{"footnotes":""},"class_list":["post-2518","page","type-page","status-publish","hentry"],"_links":{"self":[{"href":"https:\/\/bulltec.it\/es\/wp-json\/wp\/v2\/pages\/2518","targetHints":{"allow":["GET"]}}],"collection":[{"href":"https:\/\/bulltec.it\/es\/wp-json\/wp\/v2\/pages"}],"about":[{"href":"https:\/\/bulltec.it\/es\/wp-json\/wp\/v2\/types\/page"}],"author":[{"embeddable":true,"href":"https:\/\/bulltec.it\/es\/wp-json\/wp\/v2\/users\/1"}],"replies":[{"embeddable":true,"href":"https:\/\/bulltec.it\/es\/wp-json\/wp\/v2\/comments?post=2518"}],"version-history":[{"count":4,"href":"https:\/\/bulltec.it\/es\/wp-json\/wp\/v2\/pages\/2518\/revisions"}],"predecessor-version":[{"id":2660,"href":"https:\/\/bulltec.it\/es\/wp-json\/wp\/v2\/pages\/2518\/revisions\/2660"}],"wp:attachment":[{"href":"https:\/\/bulltec.it\/es\/wp-json\/wp\/v2\/media?parent=2518"}],"curies":[{"name":"wp","href":"https:\/\/api.w.org\/{rel}","templated":true}]}}