{"id":2472,"date":"2026-03-05T11:50:21","date_gmt":"2026-03-05T10:50:21","guid":{"rendered":"https:\/\/bulltec.it\/?page_id=2472"},"modified":"2026-04-20T18:22:39","modified_gmt":"2026-04-20T16:22:39","slug":"calibradora-electronica-de-paletas-para-hinojo","status":"publish","type":"page","link":"https:\/\/bulltec.it\/es\/calibradora-electronica-de-paletas-para-hinojo\/","title":{"rendered":"CALIBRADORA ELECTR\u00d3NICA DE PALETAS PARA HINOJO"},"content":{"rendered":"\t\t<div data-elementor-type=\"wp-page\" data-elementor-id=\"2472\" class=\"elementor elementor-2472 elementor-1105\" data-elementor-post-type=\"page\">\n\t\t\t\t<div class=\"elementor-element elementor-element-dbc579f e-con-full e-flex e-con e-parent\" data-id=\"dbc579f\" data-element_type=\"container\" data-settings=\"{&quot;background_background&quot;:&quot;classic&quot;}\">\n\t\t\t\t<div class=\"elementor-element elementor-element-6c60183 elementor-widget elementor-widget-spacer\" data-id=\"6c60183\" data-element_type=\"widget\" data-widget_type=\"spacer.default\">\n\t\t\t\t\t\t\t<div class=\"elementor-spacer\">\n\t\t\t<div class=\"elementor-spacer-inner\"><\/div>\n\t\t<\/div>\n\t\t\t\t\t\t<\/div>\n\t\t\t\t<\/div>\n\t\t<div class=\"elementor-element elementor-element-999020f e-con-full e-flex e-con e-parent\" data-id=\"999020f\" data-element_type=\"container\">\n\t\t<div class=\"elementor-element elementor-element-5bc37ec e-con-full e-flex elementor-invisible e-con e-child\" data-id=\"5bc37ec\" data-element_type=\"container\" data-settings=\"{&quot;animation&quot;:&quot;fadeInLeft&quot;}\">\n\t\t\t\t<div class=\"elementor-element elementor-element-9ee46d7 elementor-widget__width-initial elementor-widget-tablet__width-inherit elementor-widget elementor-widget-heading\" data-id=\"9ee46d7\" data-element_type=\"widget\" data-widget_type=\"heading.default\">\n\t\t\t\t\t<h2 class=\"elementor-heading-title elementor-size-default\">CALIBRADORA ELECTR\u00d3NICA DE PALETAS PARA HINOJO<\/h2>\t\t\t\t<\/div>\n\t\t\t\t<div class=\"elementor-element elementor-element-57a3c9c elementor-widget__width-initial elementor-widget-tablet__width-inherit elementor-widget elementor-widget-text-editor\" data-id=\"57a3c9c\" data-element_type=\"widget\" data-widget_type=\"text-editor.default\">\n\t\t\t\t\t\t\t\t\t<p><span class=\"TextRun SCXW6558649 BCX0\" lang=\"ES-ES\" xml:lang=\"ES-ES\" data-contrast=\"none\"><span class=\"NormalTextRun SCXW6558649 BCX0\">La calibradora electr\u00f3nica de paletas Bulltec para hinojo est\u00e1 dise\u00f1ada para garantizar precisi\u00f3n, fiabilidad y continuidad operativa en los procesos de selecci\u00f3n y calibrado del producto. Responde a las necesidades de instalaciones que requieren altos est\u00e1ndares de calidad y un control preciso de las caracter\u00edsticas del producto.<\/span><\/span><\/p><p><span class=\"TextRun SCXW116134125 BCX0\" lang=\"ES-ES\" xml:lang=\"ES-ES\" data-contrast=\"none\"><span class=\"NormalTextRun SCXW116134125 BCX0\">El sistema utiliza paletas electr\u00f3nicas que permiten una calibraci\u00f3n precisa y constante, gestionada mediante software Bulltec, que permite ajustar los par\u00e1metros de trabajo de forma r\u00e1pida e intuitiva. Esto garantiza una selecci\u00f3n uniforme, reduce los desperdicios y mejora la calidad final del producto.<\/span><\/span><\/p>\t\t\t\t\t\t\t\t<\/div>\n\t\t\t\t<\/div>\n\t\t<div class=\"elementor-element elementor-element-83b0008 e-con-full e-flex elementor-invisible e-con e-child\" data-id=\"83b0008\" data-element_type=\"container\" data-settings=\"{&quot;animation&quot;:&quot;fadeInRight&quot;}\">\n\t\t\t\t<div class=\"elementor-element elementor-element-0f720b9 elementor-widget elementor-widget-video\" data-id=\"0f720b9\" data-element_type=\"widget\" data-settings=\"{&quot;youtube_url&quot;:&quot;https:\\\/\\\/www.youtube.com\\\/watch?v=Dmw8JvZca6c&amp;t=1s&quot;,&quot;video_type&quot;:&quot;youtube&quot;,&quot;controls&quot;:&quot;yes&quot;}\" data-widget_type=\"video.default\">\n\t\t\t\t\t\t\t<div class=\"elementor-wrapper elementor-open-inline\">\n\t\t\t<div class=\"elementor-video\"><\/div>\t\t<\/div>\n\t\t\t\t\t\t<\/div>\n\t\t\t\t<\/div>\n\t\t\t\t<\/div>\n\t\t<div class=\"elementor-element elementor-element-3939d14 e-con-full e-flex e-con e-parent\" data-id=\"3939d14\" data-element_type=\"container\">\n\t\t<div class=\"elementor-element elementor-element-ad776f2 e-con-full e-flex elementor-invisible e-con e-child\" data-id=\"ad776f2\" data-element_type=\"container\" data-settings=\"{&quot;animation&quot;:&quot;fadeInLeft&quot;}\">\n\t\t\t\t<div class=\"elementor-element elementor-element-c66d89f elementor-widget elementor-widget-image\" data-id=\"c66d89f\" data-element_type=\"widget\" data-widget_type=\"image.default\">\n\t\t\t\t\t\t\t\t\t\t\t\t\t\t\t<img fetchpriority=\"high\" decoding=\"async\" width=\"800\" height=\"533\" src=\"https:\/\/bulltec.it\/wp-content\/uploads\/2026\/03\/Foto-finocchi.png\" class=\"attachment-large size-large wp-image-2470\" alt=\"\" srcset=\"https:\/\/bulltec.it\/wp-content\/uploads\/2026\/03\/Foto-finocchi.png 960w, https:\/\/bulltec.it\/wp-content\/uploads\/2026\/03\/Foto-finocchi-300x200.png 300w, https:\/\/bulltec.it\/wp-content\/uploads\/2026\/03\/Foto-finocchi-768x512.png 768w\" sizes=\"(max-width: 800px) 100vw, 800px\" \/>\t\t\t\t\t\t\t\t\t\t\t\t\t\t\t<\/div>\n\t\t\t\t<\/div>\n\t\t<div class=\"elementor-element elementor-element-4c5efa0 e-con-full e-flex elementor-invisible e-con e-child\" data-id=\"4c5efa0\" data-element_type=\"container\" data-settings=\"{&quot;animation&quot;:&quot;fadeInRight&quot;}\">\n\t\t\t\t<div class=\"elementor-element elementor-element-e9a8fe5 elementor-widget__width-initial elementor-widget-tablet__width-inherit elementor-widget elementor-widget-text-editor\" data-id=\"e9a8fe5\" data-element_type=\"widget\" data-widget_type=\"text-editor.default\">\n\t\t\t\t\t\t\t\t\t<p><span class=\"TextRun SCXW243291847 BCX0\" lang=\"ES-ES\" xml:lang=\"ES-ES\" data-contrast=\"none\"><span class=\"NormalTextRun SCXW243291847 BCX0\">La m\u00e1quina est\u00e1 dise\u00f1ada para garantizar la m\u00e1xima delicadeza en la manipulaci\u00f3n: el producto es transportado sin impactos ni estr\u00e9s mec\u00e1nico, preservando su integridad y su aspecto.<\/span><\/span><\/p><p><span class=\"TextRun SCXW104414470 BCX0\" lang=\"ES-ES\" xml:lang=\"ES-ES\" data-contrast=\"none\"><span class=\"NormalTextRun SCXW104414470 BCX0\">Desde el punto de vista operativo, aumenta la eficiencia, reduce el trabajo manual y garantiza un proceso continuo y fiable incluso a altas velocidades.<\/span><\/span><\/p><p><span class=\"TextRun SCXW141440590 BCX0\" lang=\"ES-ES\" xml:lang=\"ES-ES\" data-contrast=\"none\"><span class=\"NormalTextRun SCXW141440590 BCX0\">Como todas las soluciones Bulltec, es completamente personalizable.<\/span><\/span><\/p>\t\t\t\t\t\t\t\t<\/div>\n\t\t\t\t<\/div>\n\t\t\t\t<\/div>\n\t\t<div class=\"elementor-element elementor-element-f217359 e-flex e-con-boxed e-con e-parent\" data-id=\"f217359\" data-element_type=\"container\">\n\t\t\t\t\t<div class=\"e-con-inner\">\n\t\t\t\t<div class=\"elementor-element elementor-element-fa53c05 elementor-view-default elementor-widget elementor-widget-icon\" data-id=\"fa53c05\" data-element_type=\"widget\" data-widget_type=\"icon.default\">\n\t\t\t\t\t\t\t<div class=\"elementor-icon-wrapper\">\n\t\t\t<div class=\"elementor-icon\">\n\t\t\t<svg aria-hidden=\"true\" class=\"e-font-icon-svg e-fas-caret-right\" viewBox=\"0 0 192 512\" xmlns=\"http:\/\/www.w3.org\/2000\/svg\"><path d=\"M0 384.662V127.338c0-17.818 21.543-26.741 34.142-14.142l128.662 128.662c7.81 7.81 7.81 20.474 0 28.284L34.142 398.804C21.543 411.404 0 402.48 0 384.662z\"><\/path><\/svg>\t\t\t<\/div>\n\t\t<\/div>\n\t\t\t\t\t\t<\/div>\n\t\t\t\t<div class=\"elementor-element elementor-element-d5bc0c5 elementor-widget elementor-widget-heading\" data-id=\"d5bc0c5\" data-element_type=\"widget\" data-widget_type=\"heading.default\">\n\t\t\t\t\t<h2 class=\"elementor-heading-title elementor-size-default\">Especificaciones t\u00e9cnicas<\/h2>\t\t\t\t<\/div>\n\t\t\t\t\t<\/div>\n\t\t\t\t<\/div>\n\t\t<div class=\"elementor-element elementor-element-44cc380 e-flex e-con-boxed e-con e-parent\" data-id=\"44cc380\" data-element_type=\"container\">\n\t\t\t\t\t<div class=\"e-con-inner\">\n\t\t\t\t<div class=\"elementor-element elementor-element-3a77a49 e-n-tabs-mobile elementor-widget elementor-widget-n-tabs\" data-id=\"3a77a49\" data-element_type=\"widget\" data-widget_type=\"nested-tabs.default\">\n\t\t\t\t\t\t\t<div class=\"e-n-tabs\" data-widget-number=\"61307465\" aria-label=\"Pesta\u00f1as. Abre elementos con Intro o Espacio, ci\u00e9rralos con Escape y navega con las fechas.\">\n\t\t\t<div class=\"e-n-tabs-heading\" role=\"tablist\">\n\t\t\t\t\t<button id=\"e-n-tab-title-613074651\" data-tab-title-id=\"e-n-tab-title-613074651\" class=\"e-n-tab-title\" aria-selected=\"true\" data-tab-index=\"1\" role=\"tab\" tabindex=\"0\" aria-controls=\"e-n-tab-content-613074651\" style=\"--n-tabs-title-order: 1;\">\n\t\t\t\t\t\t<span class=\"e-n-tab-title-text\">\n\t\t\t\tSistema de calibrado y productividad\t\t\t<\/span>\n\t\t<\/button>\n\t\t\t\t<button id=\"e-n-tab-title-613074652\" data-tab-title-id=\"e-n-tab-title-613074652\" class=\"e-n-tab-title\" aria-selected=\"false\" data-tab-index=\"2\" role=\"tab\" tabindex=\"-1\" aria-controls=\"e-n-tab-content-613074652\" style=\"--n-tabs-title-order: 2;\">\n\t\t\t\t\t\t<span class=\"e-n-tab-title-text\">\n\t\t\t\tN\u00famero de salidas\t\t\t<\/span>\n\t\t<\/button>\n\t\t\t\t<button id=\"e-n-tab-title-613074653\" data-tab-title-id=\"e-n-tab-title-613074653\" class=\"e-n-tab-title\" aria-selected=\"false\" data-tab-index=\"3\" role=\"tab\" tabindex=\"-1\" aria-controls=\"e-n-tab-content-613074653\" style=\"--n-tabs-title-order: 3;\">\n\t\t\t\t\t\t<span class=\"e-n-tab-title-text\">\n\t\t\t\tDatos reales de producci\u00f3n\t\t\t<\/span>\n\t\t<\/button>\n\t\t\t\t\t<\/div>\n\t\t\t<div class=\"e-n-tabs-content\">\n\t\t\t\t<div id=\"e-n-tab-content-613074651\" role=\"tabpanel\" aria-labelledby=\"e-n-tab-title-613074651\" data-tab-index=\"1\" style=\"--n-tabs-title-order: 1;\" class=\"e-active elementor-element elementor-element-42a90e5 e-con-full e-flex e-con e-child\" data-id=\"42a90e5\" data-element_type=\"container\">\n\t\t\t\t<div class=\"elementor-element elementor-element-4ed0ee4 elementor-widget__width-initial elementor-widget-tablet__width-inherit elementor-widget elementor-widget-text-editor\" data-id=\"4ed0ee4\" data-element_type=\"widget\" data-widget_type=\"text-editor.default\">\n\t\t\t\t\t\t\t\t\t<p>Por tama\u00f1o (di\u00e1metro y\/o longitud) mediante sistema de visi\u00f3n por c\u00e1maras:<\/p><ul><li>Precisi\u00f3n: \u00b1 3 mm<\/li><\/ul><ul><li>Productividad: hasta 3 productos\/segundo (80% de carga)<\/li><\/ul>\t\t\t\t\t\t\t\t<\/div>\n\t\t\t\t<div class=\"elementor-element elementor-element-85e0150 elementor-widget__width-initial elementor-widget-tablet__width-inherit elementor-widget elementor-widget-text-editor\" data-id=\"85e0150\" data-element_type=\"widget\" data-widget_type=\"text-editor.default\">\n\t\t\t\t\t\t\t\t\t<p>Por peso mediante cinta transportadora con pesaje individual:<\/p><ul><li>Precisi\u00f3n: \u00b1 3%<\/li><\/ul><ul><li>Productividad: hasta 2 productos\/segundo (80% de carga)<\/li><\/ul>\t\t\t\t\t\t\t\t<\/div>\n\t\t\t\t<\/div>\n\t\t<div id=\"e-n-tab-content-613074652\" role=\"tabpanel\" aria-labelledby=\"e-n-tab-title-613074652\" data-tab-index=\"2\" style=\"--n-tabs-title-order: 2;\" class=\" elementor-element elementor-element-be89f10 e-con-full e-flex e-con e-child\" data-id=\"be89f10\" data-element_type=\"container\">\n\t\t\t\t<div class=\"elementor-element elementor-element-23925c2 elementor-widget__width-initial elementor-widget-tablet__width-inherit elementor-widget elementor-widget-text-editor\" data-id=\"23925c2\" data-element_type=\"widget\" data-widget_type=\"text-editor.default\">\n\t\t\t\t\t\t\t\t\t<p>Configurable seg\u00fan las necesidades del cliente<span data-ccp-props=\"{&quot;335559738&quot;:240,&quot;335559739&quot;:240}\">\u00a0<\/span><\/p>\t\t\t\t\t\t\t\t<\/div>\n\t\t\t\t<\/div>\n\t\t<div id=\"e-n-tab-content-613074653\" role=\"tabpanel\" aria-labelledby=\"e-n-tab-title-613074653\" data-tab-index=\"3\" style=\"--n-tabs-title-order: 3;\" class=\" elementor-element elementor-element-95daf08 e-con-full e-flex e-con e-child\" data-id=\"95daf08\" data-element_type=\"container\">\n\t\t\t\t<div class=\"elementor-element elementor-element-eaeded2 elementor-widget__width-initial elementor-widget-tablet__width-inherit elementor-widget elementor-widget-text-editor\" data-id=\"eaeded2\" data-element_type=\"widget\" data-widget_type=\"text-editor.default\">\n\t\t\t\t\t\t\t\t\t<ul><li aria-setsize=\"-1\" data-leveltext=\"\uf0b7\" data-font=\"Symbol\" data-listid=\"38\" data-list-defn-props=\"{&quot;335552541&quot;:1,&quot;335559685&quot;:720,&quot;335559991&quot;:360,&quot;469769226&quot;:&quot;Symbol&quot;,&quot;469769242&quot;:[8226],&quot;469777803&quot;:&quot;left&quot;,&quot;469777804&quot;:&quot;\uf0b7&quot;,&quot;469777815&quot;:&quot;multilevel&quot;}\" data-aria-posinset=\"1\" data-aria-level=\"1\"><span class=\"TextRun SCXW149299023 BCX0\" lang=\"ES-ES\" xml:lang=\"ES-ES\" data-contrast=\"none\"><span class=\"NormalTextRun SCXW149299023 BCX0\">Pimiento italiano est\u00e1ndar: hasta 8 pallets\/hora<\/span><\/span><\/li><\/ul><ul><li aria-setsize=\"-1\" data-leveltext=\"\uf0b7\" data-font=\"Symbol\" data-listid=\"38\" data-list-defn-props=\"{&quot;335552541&quot;:1,&quot;335559685&quot;:720,&quot;335559991&quot;:360,&quot;469769226&quot;:&quot;Symbol&quot;,&quot;469769242&quot;:[8226],&quot;469777803&quot;:&quot;left&quot;,&quot;469777804&quot;:&quot;\uf0b7&quot;,&quot;469777815&quot;:&quot;multilevel&quot;}\" data-aria-posinset=\"2\" data-aria-level=\"1\"><span class=\"TextRun SCXW149299023 BCX0\" lang=\"ES-ES\" xml:lang=\"ES-ES\" data-contrast=\"none\"><span class=\"NormalTextRun SCXW149299023 BCX0\">Calabac\u00edn italiano est\u00e1ndar: hasta 3,5 pallets\/hora<\/span><\/span><\/li><\/ul>\t\t\t\t\t\t\t\t<\/div>\n\t\t\t\t<\/div>\n\t\t\t\t\t<\/div>\n\t\t<\/div>\n\t\t\t\t\t\t<\/div>\n\t\t\t\t\t<\/div>\n\t\t\t\t<\/div>\n\t\t\t\t<\/div>\n\t\t","protected":false},"excerpt":{"rendered":"<p>CALIBRADORA ELECTR\u00d3NICA DE PALETAS PARA HINOJO La calibradora electr\u00f3nica de paletas Bulltec para hinojo est\u00e1 dise\u00f1ada para garantizar precisi\u00f3n, fiabilidad y continuidad operativa en los procesos de selecci\u00f3n y calibrado del producto. Responde a las necesidades de instalaciones que requieren altos est\u00e1ndares de calidad y un control preciso de las caracter\u00edsticas del producto. El sistema [&hellip;]<\/p>\n","protected":false},"author":1,"featured_media":0,"parent":0,"menu_order":0,"comment_status":"closed","ping_status":"closed","template":"elementor_header_footer","meta":{"footnotes":""},"class_list":["post-2472","page","type-page","status-publish","hentry"],"_links":{"self":[{"href":"https:\/\/bulltec.it\/es\/wp-json\/wp\/v2\/pages\/2472","targetHints":{"allow":["GET"]}}],"collection":[{"href":"https:\/\/bulltec.it\/es\/wp-json\/wp\/v2\/pages"}],"about":[{"href":"https:\/\/bulltec.it\/es\/wp-json\/wp\/v2\/types\/page"}],"author":[{"embeddable":true,"href":"https:\/\/bulltec.it\/es\/wp-json\/wp\/v2\/users\/1"}],"replies":[{"embeddable":true,"href":"https:\/\/bulltec.it\/es\/wp-json\/wp\/v2\/comments?post=2472"}],"version-history":[{"count":4,"href":"https:\/\/bulltec.it\/es\/wp-json\/wp\/v2\/pages\/2472\/revisions"}],"predecessor-version":[{"id":2614,"href":"https:\/\/bulltec.it\/es\/wp-json\/wp\/v2\/pages\/2472\/revisions\/2614"}],"wp:attachment":[{"href":"https:\/\/bulltec.it\/es\/wp-json\/wp\/v2\/media?parent=2472"}],"curies":[{"name":"wp","href":"https:\/\/api.w.org\/{rel}","templated":true}]}}