{"id":1868,"date":"2026-02-02T15:28:17","date_gmt":"2026-02-02T14:28:17","guid":{"rendered":"https:\/\/bulltec.it\/?page_id=1868"},"modified":"2026-03-30T13:32:39","modified_gmt":"2026-03-30T11:32:39","slug":"smart-combined-weight","status":"publish","type":"page","link":"https:\/\/bulltec.it\/en\/smart-combined-weight\/","title":{"rendered":"SMART COMBINED WEIGHT"},"content":{"rendered":"\t\t<div data-elementor-type=\"wp-page\" data-elementor-id=\"1868\" class=\"elementor elementor-1868 elementor-384\" data-elementor-post-type=\"page\">\n\t\t\t\t<div class=\"elementor-element elementor-element-20797da e-flex e-con-boxed e-con e-parent\" data-id=\"20797da\" data-element_type=\"container\">\n\t\t\t\t\t<div class=\"e-con-inner\">\n\t\t\t\t<div class=\"elementor-element elementor-element-d8124c6 elementor-widget elementor-widget-spacer\" data-id=\"d8124c6\" data-element_type=\"widget\" data-widget_type=\"spacer.default\">\n\t\t\t\t\t\t\t<div class=\"elementor-spacer\">\n\t\t\t<div class=\"elementor-spacer-inner\"><\/div>\n\t\t<\/div>\n\t\t\t\t\t\t<\/div>\n\t\t\t\t\t<\/div>\n\t\t\t\t<\/div>\n\t\t<div class=\"elementor-element elementor-element-dbc579f e-con-full e-flex e-con e-parent\" data-id=\"dbc579f\" data-element_type=\"container\" data-settings=\"{&quot;background_background&quot;:&quot;classic&quot;}\">\n\t\t\t\t<div class=\"elementor-element elementor-element-6c60183 elementor-widget elementor-widget-spacer\" data-id=\"6c60183\" data-element_type=\"widget\" data-widget_type=\"spacer.default\">\n\t\t\t\t\t\t\t<div class=\"elementor-spacer\">\n\t\t\t<div class=\"elementor-spacer-inner\"><\/div>\n\t\t<\/div>\n\t\t\t\t\t\t<\/div>\n\t\t\t\t<\/div>\n\t\t<div class=\"elementor-element elementor-element-999020f e-con-full e-flex e-con e-parent\" data-id=\"999020f\" data-element_type=\"container\">\n\t\t<div class=\"elementor-element elementor-element-5bc37ec e-con-full e-flex elementor-invisible e-con e-child\" data-id=\"5bc37ec\" data-element_type=\"container\" data-settings=\"{&quot;animation&quot;:&quot;fadeInLeft&quot;}\">\n\t\t\t\t<div class=\"elementor-element elementor-element-9ee46d7 elementor-widget__width-initial elementor-widget-tablet__width-inherit elementor-widget elementor-widget-heading\" data-id=\"9ee46d7\" data-element_type=\"widget\" data-widget_type=\"heading.default\">\n\t\t\t\t\t<h2 class=\"elementor-heading-title elementor-size-default\">PESO COMBINATO SMART<\/h2>\t\t\t\t<\/div>\n\t\t\t\t<div class=\"elementor-element elementor-element-8fba5c5 elementor-widget__width-initial elementor-widget-tablet__width-inherit elementor-widget elementor-widget-heading\" data-id=\"8fba5c5\" data-element_type=\"widget\" data-widget_type=\"heading.default\">\n\t\t\t\t\t<h2 class=\"elementor-heading-title elementor-size-default\">Efficienza compatta, precisione su misura<\/h2>\t\t\t\t<\/div>\n\t\t\t\t<div class=\"elementor-element elementor-element-57a3c9c elementor-widget__width-initial elementor-widget-tablet__width-inherit elementor-widget elementor-widget-text-editor\" data-id=\"57a3c9c\" data-element_type=\"widget\" data-widget_type=\"text-editor.default\">\n\t\t\t\t\t\t\t\t\t<p><span data-contrast=\"auto\">Automatizzare il confezionamento non \u00e8 pi\u00f9 una scelta riservata alle grandi realt\u00e0.<\/span><span data-ccp-props=\"{&quot;335559685&quot;:708}\">\u00a0<\/span><\/p><p><span data-contrast=\"auto\">Con Peso Combo SMART,\u00a0Bulltec\u00a0porta la precisione e l\u2019affidabilit\u00e0 delle sue linee anche nelle produzioni di piccola e media scala.<\/span><span data-ccp-props=\"{&quot;335559685&quot;:708}\">\u00a0<\/span><\/p><p><span data-contrast=\"auto\">Questa nuova macchina nasce per chi vuole migliorare produttivit\u00e0 e costanza del processo mantenendo un\u2019impronta compatta e flessibile.<\/span><\/p>\t\t\t\t\t\t\t\t<\/div>\n\t\t\t\t<\/div>\n\t\t<div class=\"elementor-element elementor-element-83b0008 e-con-full e-flex elementor-invisible e-con e-child\" data-id=\"83b0008\" data-element_type=\"container\" data-settings=\"{&quot;animation&quot;:&quot;fadeInRight&quot;}\">\n\t\t\t\t<div class=\"elementor-element elementor-element-6924b5a elementor-widget elementor-widget-image\" data-id=\"6924b5a\" data-element_type=\"widget\" data-widget_type=\"image.default\">\n\t\t\t\t\t\t\t\t\t\t\t\t\t\t\t<img fetchpriority=\"high\" decoding=\"async\" width=\"800\" height=\"533\" src=\"https:\/\/bulltec.it\/wp-content\/uploads\/2026\/02\/Peso-combinato-smart.png\" class=\"attachment-large size-large wp-image-1738\" alt=\"\" srcset=\"https:\/\/bulltec.it\/wp-content\/uploads\/2026\/02\/Peso-combinato-smart.png 960w, https:\/\/bulltec.it\/wp-content\/uploads\/2026\/02\/Peso-combinato-smart-300x200.png 300w, https:\/\/bulltec.it\/wp-content\/uploads\/2026\/02\/Peso-combinato-smart-768x512.png 768w\" sizes=\"(max-width: 800px) 100vw, 800px\" \/>\t\t\t\t\t\t\t\t\t\t\t\t\t\t\t<\/div>\n\t\t\t\t<\/div>\n\t\t\t\t<\/div>\n\t\t<div class=\"elementor-element elementor-element-3939d14 e-con-full e-flex e-con e-parent\" data-id=\"3939d14\" data-element_type=\"container\">\n\t\t<div class=\"elementor-element elementor-element-ad776f2 e-con-full e-flex elementor-invisible e-con e-child\" data-id=\"ad776f2\" data-element_type=\"container\" data-settings=\"{&quot;animation&quot;:&quot;fadeInLeft&quot;}\">\n\t\t\t\t<div class=\"elementor-element elementor-element-c66d89f elementor-widget elementor-widget-image\" data-id=\"c66d89f\" data-element_type=\"widget\" data-widget_type=\"image.default\">\n\t\t\t\t\t\t\t\t\t\t\t\t\t\t\t<img decoding=\"async\" width=\"800\" height=\"533\" src=\"https:\/\/bulltec.it\/wp-content\/uploads\/2026\/02\/Peso-combinato-smart-2.png\" class=\"attachment-large size-large wp-image-1866\" alt=\"\" srcset=\"https:\/\/bulltec.it\/wp-content\/uploads\/2026\/02\/Peso-combinato-smart-2.png 960w, https:\/\/bulltec.it\/wp-content\/uploads\/2026\/02\/Peso-combinato-smart-2-300x200.png 300w, https:\/\/bulltec.it\/wp-content\/uploads\/2026\/02\/Peso-combinato-smart-2-768x512.png 768w\" sizes=\"(max-width: 800px) 100vw, 800px\" \/>\t\t\t\t\t\t\t\t\t\t\t\t\t\t\t<\/div>\n\t\t\t\t<\/div>\n\t\t<div class=\"elementor-element elementor-element-4c5efa0 e-con-full e-flex elementor-invisible e-con e-child\" data-id=\"4c5efa0\" data-element_type=\"container\" data-settings=\"{&quot;animation&quot;:&quot;fadeInRight&quot;}\">\n\t\t\t\t<div class=\"elementor-element elementor-element-e9a8fe5 elementor-widget__width-initial elementor-widget-tablet__width-inherit elementor-widget elementor-widget-text-editor\" data-id=\"e9a8fe5\" data-element_type=\"widget\" data-widget_type=\"text-editor.default\">\n\t\t\t\t\t\t\t\t\t<ul><li aria-setsize=\"-1\" data-leveltext=\"\uf0b7\" data-font=\"Symbol\" data-listid=\"7\" data-list-defn-props=\"{&quot;335552541&quot;:1,&quot;335559685&quot;:720,&quot;335559991&quot;:360,&quot;469769226&quot;:&quot;Symbol&quot;,&quot;469769242&quot;:[8226],&quot;469777803&quot;:&quot;left&quot;,&quot;469777804&quot;:&quot;\uf0b7&quot;,&quot;469777815&quot;:&quot;multilevel&quot;}\" data-aria-posinset=\"1\" data-aria-level=\"1\"><span data-contrast=\"auto\">Ingombro: solo 1 x 5,5 m<\/span><span data-ccp-props=\"{&quot;335559685&quot;:1428,&quot;469777462&quot;:[720,1428],&quot;469777927&quot;:[0,0],&quot;469777928&quot;:[0,8]}\">\u00a0<\/span><\/li><\/ul><ul><li aria-setsize=\"-1\" data-leveltext=\"\uf0b7\" data-font=\"Symbol\" data-listid=\"7\" data-list-defn-props=\"{&quot;335552541&quot;:1,&quot;335559685&quot;:720,&quot;335559991&quot;:360,&quot;469769226&quot;:&quot;Symbol&quot;,&quot;469769242&quot;:[8226],&quot;469777803&quot;:&quot;left&quot;,&quot;469777804&quot;:&quot;\uf0b7&quot;,&quot;469777815&quot;:&quot;multilevel&quot;}\" data-aria-posinset=\"2\" data-aria-level=\"1\"><span data-contrast=\"auto\">Fino a 50 confezioni al minuto<\/span><span data-ccp-props=\"{&quot;335559685&quot;:1428,&quot;469777462&quot;:[720,1428],&quot;469777927&quot;:[0,0],&quot;469777928&quot;:[0,8]}\">\u00a0<\/span><\/li><\/ul><ul><li aria-setsize=\"-1\" data-leveltext=\"\uf0b7\" data-font=\"Symbol\" data-listid=\"7\" data-list-defn-props=\"{&quot;335552541&quot;:1,&quot;335559685&quot;:720,&quot;335559991&quot;:360,&quot;469769226&quot;:&quot;Symbol&quot;,&quot;469769242&quot;:[8226],&quot;469777803&quot;:&quot;left&quot;,&quot;469777804&quot;:&quot;\uf0b7&quot;,&quot;469777815&quot;:&quot;multilevel&quot;}\" data-aria-posinset=\"3\" data-aria-level=\"1\"><span data-contrast=\"auto\">Massimo 4 operatori totali<\/span><span data-ccp-props=\"{&quot;335559685&quot;:1428,&quot;469777462&quot;:[720,1428],&quot;469777927&quot;:[0,0],&quot;469777928&quot;:[0,8]}\">\u00a0<\/span><\/li><\/ul><ul><li aria-setsize=\"-1\" data-leveltext=\"\uf0b7\" data-font=\"Symbol\" data-listid=\"7\" data-list-defn-props=\"{&quot;335552541&quot;:1,&quot;335559685&quot;:720,&quot;335559991&quot;:360,&quot;469769226&quot;:&quot;Symbol&quot;,&quot;469769242&quot;:[8226],&quot;469777803&quot;:&quot;left&quot;,&quot;469777804&quot;:&quot;\uf0b7&quot;,&quot;469777815&quot;:&quot;multilevel&quot;}\" data-aria-posinset=\"4\" data-aria-level=\"1\"><span data-contrast=\"auto\">Sistema combinatore a 12 nastri per pesi sempre precisi e meno sprechi<\/span><span data-ccp-props=\"{&quot;335559685&quot;:1428,&quot;469777462&quot;:[720,1428],&quot;469777927&quot;:[0,0],&quot;469777928&quot;:[0,8]}\">\u00a0<\/span><\/li><\/ul><ul><li aria-setsize=\"-1\" data-leveltext=\"\uf0b7\" data-font=\"Symbol\" data-listid=\"7\" data-list-defn-props=\"{&quot;335552541&quot;:1,&quot;335559685&quot;:720,&quot;335559991&quot;:360,&quot;469769226&quot;:&quot;Symbol&quot;,&quot;469769242&quot;:[8226],&quot;469777803&quot;:&quot;left&quot;,&quot;469777804&quot;:&quot;\uf0b7&quot;,&quot;469777815&quot;:&quot;multilevel&quot;}\" data-aria-posinset=\"5\" data-aria-level=\"1\"><span data-contrast=\"auto\">Doppia stazione di precarico vassoio<\/span><span data-ccp-props=\"{&quot;335559685&quot;:1428,&quot;469777462&quot;:[720,1428],&quot;469777927&quot;:[0,0],&quot;469777928&quot;:[0,8]}\">\u00a0<\/span><\/li><\/ul>\t\t\t\t\t\t\t\t<\/div>\n\t\t\t\t<\/div>\n\t\t\t\t<\/div>\n\t\t<div class=\"elementor-element elementor-element-643d9a5 e-con-full e-flex e-con e-parent\" data-id=\"643d9a5\" data-element_type=\"container\" data-settings=\"{&quot;background_background&quot;:&quot;classic&quot;}\">\n\t\t\t\t<div class=\"elementor-element elementor-element-4385469 elementor-widget elementor-widget-spacer\" data-id=\"4385469\" data-element_type=\"widget\" data-widget_type=\"spacer.default\">\n\t\t\t\t\t\t\t<div class=\"elementor-spacer\">\n\t\t\t<div class=\"elementor-spacer-inner\"><\/div>\n\t\t<\/div>\n\t\t\t\t\t\t<\/div>\n\t\t\t\t<\/div>\n\t\t<div class=\"elementor-element elementor-element-e5031d8 e-con-full e-flex e-con e-parent\" data-id=\"e5031d8\" data-element_type=\"container\">\n\t\t<div class=\"elementor-element elementor-element-c032c8e e-con-full e-flex elementor-invisible e-con e-child\" data-id=\"c032c8e\" data-element_type=\"container\" data-settings=\"{&quot;animation&quot;:&quot;fadeInLeft&quot;}\">\n\t\t\t\t<div class=\"elementor-element elementor-element-f3d55bc elementor-widget__width-initial elementor-widget-tablet__width-inherit elementor-widget elementor-widget-heading\" data-id=\"f3d55bc\" data-element_type=\"widget\" data-widget_type=\"heading.default\">\n\t\t\t\t\t<h2 class=\"elementor-heading-title elementor-size-default\">PESO COMBINATO SMART PLUS<\/h2>\t\t\t\t<\/div>\n\t\t\t\t<div class=\"elementor-element elementor-element-04d19bc elementor-widget__width-initial elementor-widget-tablet__width-inherit elementor-widget elementor-widget-heading\" data-id=\"04d19bc\" data-element_type=\"widget\" data-widget_type=\"heading.default\">\n\t\t\t\t\t<h2 class=\"elementor-heading-title elementor-size-default\">Efficienza compatta, precisione su misura<\/h2>\t\t\t\t<\/div>\n\t\t\t\t<div class=\"elementor-element elementor-element-64ff259 elementor-widget__width-initial elementor-widget-tablet__width-inherit elementor-widget elementor-widget-text-editor\" data-id=\"64ff259\" data-element_type=\"widget\" data-widget_type=\"text-editor.default\">\n\t\t\t\t\t\t\t\t\t<p><span data-contrast=\"auto\">Automatizzare il confezionamento non \u00e8 pi\u00f9 una scelta riservata alle grandi realt\u00e0.<\/span><span data-ccp-props=\"{&quot;335559685&quot;:708}\">\u00a0<\/span><\/p><p><span data-contrast=\"auto\">Con Peso Combo SMART,\u00a0Bulltec\u00a0porta la precisione e l\u2019affidabilit\u00e0 delle sue linee anche nelle produzioni di piccola e media scala.<\/span><span data-ccp-props=\"{&quot;335559685&quot;:708}\">\u00a0<\/span><\/p><p><span class=\"TextRun SCXW148486796 BCX0\" lang=\"IT-IT\" xml:lang=\"IT-IT\" data-contrast=\"auto\"><span class=\"NormalTextRun SCXW148486796 BCX0\">\u00c8 altamente produttiva perch\u00e9, se integrata a una linea tradizionale da cassa a cassa, consente una produttivit\u00e0 fino a 70 colpi al minuto.<\/span><\/span><span class=\"EOP SCXW148486796 BCX0\" data-ccp-props=\"{&quot;335559685&quot;:708}\">\u00a0<\/span><\/p><p><span data-contrast=\"auto\">Questa nuova macchina nasce per chi vuole migliorare produttivit\u00e0 e costanza del processo mantenendo un\u2019impronta compatta e flessibile.<\/span><\/p>\t\t\t\t\t\t\t\t<\/div>\n\t\t\t\t<\/div>\n\t\t<div class=\"elementor-element elementor-element-1e10987 e-con-full e-flex elementor-invisible e-con e-child\" data-id=\"1e10987\" data-element_type=\"container\" data-settings=\"{&quot;animation&quot;:&quot;fadeInRight&quot;}\">\n\t\t\t\t<div class=\"elementor-element elementor-element-d5cce23 elementor-widget elementor-widget-image\" data-id=\"d5cce23\" data-element_type=\"widget\" data-widget_type=\"image.default\">\n\t\t\t\t\t\t\t\t\t\t\t\t\t\t\t<img fetchpriority=\"high\" decoding=\"async\" width=\"800\" height=\"533\" src=\"https:\/\/bulltec.it\/wp-content\/uploads\/2026\/02\/Peso-combinato-smart.png\" class=\"attachment-large size-large wp-image-1738\" alt=\"\" srcset=\"https:\/\/bulltec.it\/wp-content\/uploads\/2026\/02\/Peso-combinato-smart.png 960w, https:\/\/bulltec.it\/wp-content\/uploads\/2026\/02\/Peso-combinato-smart-300x200.png 300w, https:\/\/bulltec.it\/wp-content\/uploads\/2026\/02\/Peso-combinato-smart-768x512.png 768w\" sizes=\"(max-width: 800px) 100vw, 800px\" \/>\t\t\t\t\t\t\t\t\t\t\t\t\t\t\t<\/div>\n\t\t\t\t<\/div>\n\t\t\t\t<\/div>\n\t\t<div class=\"elementor-element elementor-element-380deff e-con-full e-flex e-con e-parent\" data-id=\"380deff\" data-element_type=\"container\">\n\t\t<div class=\"elementor-element elementor-element-add6b31 e-con-full e-flex elementor-invisible e-con e-child\" data-id=\"add6b31\" data-element_type=\"container\" data-settings=\"{&quot;animation&quot;:&quot;fadeInLeft&quot;}\">\n\t\t\t\t<div class=\"elementor-element elementor-element-025956f elementor-widget elementor-widget-image\" data-id=\"025956f\" data-element_type=\"widget\" data-widget_type=\"image.default\">\n\t\t\t\t\t\t\t\t\t\t\t\t\t\t\t<img decoding=\"async\" width=\"800\" height=\"533\" src=\"https:\/\/bulltec.it\/wp-content\/uploads\/2026\/02\/Peso-combinato-smart-2.png\" class=\"attachment-large size-large wp-image-1866\" alt=\"\" srcset=\"https:\/\/bulltec.it\/wp-content\/uploads\/2026\/02\/Peso-combinato-smart-2.png 960w, https:\/\/bulltec.it\/wp-content\/uploads\/2026\/02\/Peso-combinato-smart-2-300x200.png 300w, https:\/\/bulltec.it\/wp-content\/uploads\/2026\/02\/Peso-combinato-smart-2-768x512.png 768w\" sizes=\"(max-width: 800px) 100vw, 800px\" \/>\t\t\t\t\t\t\t\t\t\t\t\t\t\t\t<\/div>\n\t\t\t\t<\/div>\n\t\t<div class=\"elementor-element elementor-element-1a3f107 e-con-full e-flex elementor-invisible e-con e-child\" data-id=\"1a3f107\" data-element_type=\"container\" data-settings=\"{&quot;animation&quot;:&quot;fadeInRight&quot;}\">\n\t\t\t\t<div class=\"elementor-element elementor-element-0fa4fbe elementor-widget__width-initial elementor-widget-tablet__width-inherit elementor-widget elementor-widget-text-editor\" data-id=\"0fa4fbe\" data-element_type=\"widget\" data-widget_type=\"text-editor.default\">\n\t\t\t\t\t\t\t\t\t<p>\u00a0<\/p><ul><li><span role=\"presentation\">Ingombro: solo 1 x 5,5 m\u00a0<\/span><\/li><li><span role=\"presentation\">Fino a 70 confezioni al minuto\u00a0inserita in una linea gi\u00e0 esistente<\/span><\/li><li><span role=\"presentation\">Massimo 4 operatori totali\u00a0<\/span><\/li><li><span role=\"presentation\">Sistema combinatore a 16 nastri per pesi sempre precisi e meno sprechi\u00a0<\/span><\/li><li><span role=\"presentation\">Doppia stazione di precarico vassoio\u00a0<\/span><\/li><\/ul>\t\t\t\t\t\t\t\t<\/div>\n\t\t\t\t<\/div>\n\t\t\t\t<\/div>\n\t\t\t\t<\/div>\n\t\t","protected":false},"excerpt":{"rendered":"<p>PESO COMBINATO SMART Efficienza compatta, precisione su misura Automatizzare il confezionamento non \u00e8 pi\u00f9 una scelta riservata alle grandi realt\u00e0.\u00a0 Con Peso Combo SMART,\u00a0Bulltec\u00a0porta la precisione e l\u2019affidabilit\u00e0 delle sue linee anche nelle produzioni di piccola e media scala.\u00a0 Questa nuova macchina nasce per chi vuole migliorare produttivit\u00e0 e costanza del processo mantenendo un\u2019impronta compatta [&hellip;]<\/p>\n","protected":false},"author":1,"featured_media":0,"parent":0,"menu_order":0,"comment_status":"closed","ping_status":"closed","template":"elementor_header_footer","meta":{"footnotes":""},"class_list":["post-1868","page","type-page","status-publish","hentry"],"_links":{"self":[{"href":"https:\/\/bulltec.it\/en\/wp-json\/wp\/v2\/pages\/1868","targetHints":{"allow":["GET"]}}],"collection":[{"href":"https:\/\/bulltec.it\/en\/wp-json\/wp\/v2\/pages"}],"about":[{"href":"https:\/\/bulltec.it\/en\/wp-json\/wp\/v2\/types\/page"}],"author":[{"embeddable":true,"href":"https:\/\/bulltec.it\/en\/wp-json\/wp\/v2\/users\/1"}],"replies":[{"embeddable":true,"href":"https:\/\/bulltec.it\/en\/wp-json\/wp\/v2\/comments?post=1868"}],"version-history":[{"count":4,"href":"https:\/\/bulltec.it\/en\/wp-json\/wp\/v2\/pages\/1868\/revisions"}],"predecessor-version":[{"id":1873,"href":"https:\/\/bulltec.it\/en\/wp-json\/wp\/v2\/pages\/1868\/revisions\/1873"}],"wp:attachment":[{"href":"https:\/\/bulltec.it\/en\/wp-json\/wp\/v2\/media?parent=1868"}],"curies":[{"name":"wp","href":"https:\/\/api.w.org\/{rel}","templated":true}]}}