{"id":1815,"date":"2026-02-02T12:34:44","date_gmt":"2026-02-02T11:34:44","guid":{"rendered":"https:\/\/bulltec.it\/?page_id=1815"},"modified":"2026-03-30T13:22:11","modified_gmt":"2026-03-30T11:22:11","slug":"privacy-policy","status":"publish","type":"page","link":"https:\/\/bulltec.it\/en\/privacy-policy\/","title":{"rendered":"Privacy Policy"},"content":{"rendered":"\t\t<div data-elementor-type=\"wp-page\" data-elementor-id=\"1815\" class=\"elementor elementor-1815\" data-elementor-post-type=\"page\">\n\t\t\t\t<div class=\"elementor-element elementor-element-24382cc3 e-flex e-con-boxed e-con e-parent\" data-id=\"24382cc3\" data-element_type=\"container\">\n\t\t\t\t\t<div class=\"e-con-inner\">\n\t\t\t\t<div class=\"elementor-element elementor-element-4afaff3a elementor-widget elementor-widget-text-editor\" data-id=\"4afaff3a\" data-element_type=\"widget\" data-widget_type=\"text-editor.default\">\n\t\t\t\t\t\t\t\t\t\n<h4><strong>Informativa Privacy resa ai sensi del Regolamento UE 679\/2016<\/strong><br \/><strong>General Data Protection Regulation<\/strong><\/h4>\n<p>La presente informativa viene resa in ossequio all\u2019art. 13 del Regolamento 2016\/679 (GDPR), ai sensi dell\u2019art. 13 del d.lgs. n. 196\/2003 (Codice in materia di protezione dei dati personali) ed \u00e8 relativa a tutti i dati personali trattati secondo le modalit\u00e0 di seguito indicate.<\/p>\n<h4><strong>Il titolare del trattamento<\/strong><\/h4>\n<p>Il Titolare del trattamento dei dati personali raccolti \u00e8<br \/><strong>Bulltec S.r.l.<\/strong><br \/>Via Terni, 330 \u2013 47522 Cesena (FC) \u2013 Italy<br \/>Email\u00a0<a class=\"email\" href=\"mailto:ruggero@bulltec.it\">ruggero@bulltec.it<\/a><\/p>\n<h4><strong>Dati raccolti<\/strong><\/h4>\n<p>I dati personali trattati sono raccolti in quanto forniti direttamente dall\u2019interessato o forniti automaticamente.<\/p>\n<p>a) I dati forniti direttamente dall\u2019interessato sono tutti i dati personali inseriti dall\u2019utente all\u2019interno del sito per la fruizione del servizio o che comunque siano forniti al Titolare del trattamento con qualsiasi modalit\u00e0.<\/p>\n<p>b) I dati raccolti automaticamente sono i dati di navigazione. I sistemi informatici e le procedure software preposte al funzionamento di questo sito web acquisiscono, nel corso del loro normale esercizio, alcuni dati personali la cui trasmissione \u00e8 implicita nell\u2019uso dei protocolli di comunicazione di Internet. Si tratta di informazioni che non sono raccolte per essere associate a interessati identificati, ma che per loro stessa natura potrebbero, attraverso elaborazioni ed associazioni con dati detenuti da terzi o dal titolare del trattamento, permettere di identificare gli utenti. In questa categoria di dati rientrano gli indirizzi IP o i nomi a dominio dei computer utilizzati dagli utenti che si connettono al sito, gli indirizzi in notazione URI delle risorse richieste, l\u2019orario della richiesta, il metodo utilizzato nel sottoporre la richiesta al server, il codice numerico indicante lo stato della risposta data dal server (buon fine, errore, ecc.) ed altri parametri relativi al sistema operativo e all\u2019ambiente informatico dell\u2019utente. Questi dati vengono utilizzati al solo fine di ricavare informazioni statistiche anonime sull\u2019uso del sito e per controllarne il corretto funzionamento. I dati potrebbero essere utilizzati per l\u2019accertamento di responsabilit\u00e0 in caso di reati informatici ai danni del sito o altri utenti.<\/p>\n<p>In particolare sono raccolti e trattati i seguenti dati personali:<\/p>\n<ul>\n<li>Indirizzo email<\/li>\n<li>Cognome, nome, telefono<\/li>\n<\/ul>\n<p>I dati raccolti automaticamente sono i dati di navigazione. Tali dati, pur non essendo raccolti al fine di essere associati all\u2019identit\u00e0 dell\u2019utente, potrebbero indirettamente, mediante elaborazione e associazioni con dati raccolti dal Titolare, consentire la sua identificazione. In particolare:<\/p>\n<ul>\n<li>Indirizzo IP<\/li>\n<li>Browser e device di navigazione<\/li>\n<\/ul>\n<h4><strong>Destinatari<\/strong><\/h4>\n<p>I dati di natura personale forniti potranno essere comunicati a destinatari opportunamente nominati che tratteranno i dati in qualit\u00e0 di responsabili per il trattamento e\/o in qualit\u00e0 di incaricati, al fine di ottemperare ai contratti o finalit\u00e0 connesse.<\/p>\n<h4><strong>Base giuridica e finalit\u00e0 del trattamento<\/strong><\/h4>\n<p>Il trattamento \u00e8 lecito ai sensi dell\u2019art. 6, comma 1, lett. a (consenso) e lett. b (misure precontrattuali), lett. f (legittimo interesse del titolare).<\/p>\n<p>I dati sono trattati esclusivamente per le finalit\u00e0 per le quali sono raccolti, come di seguito descritte.<\/p>\n<p>Utilizziamo i dati forniti dagli interessati per:<\/p>\n<ul>\n<li>rispondere alle specifiche richieste dell\u2019utente<\/li>\n<li>solo in caso di specifico consenso dell\u2019utente, per permettere l\u2019adesione a servizi specifici e ulteriori quali l\u2019invio di future comunicazioni informative e promozionali via mail o mediante strumenti elettronici.<\/li>\n<\/ul>\n<p>Il conferimento dei dati elencati nella sezione \u201cDati Raccolti\u201d per le finalit\u00e0 di cui sopra \u00e8 obbligatorio per consentire all\u2019utente di accedere al servizio. Per tale ragione il consenso \u00e8 obbligatorio e l\u2019eventuale rifiuto al trattamento ovvero il mancato, inesatto o parziale conferimento dei dati potrebbe avere come conseguenza l\u2019impossibilit\u00e0 di una corretta erogazione del servizio.<\/p>\n<p>Il conferimento dei dati per le finalit\u00e0 di invio newsletter per scopi promozionali, informativi o di ricerca \u00e8 facoltativo ed il rifiuto a prestare il relativo consenso al Trattamento dar\u00e0 luogo all\u2019impossibilit\u00e0 di essere aggiornati circa iniziative commerciali e\/o campagne promozionali, di ricevere offerte o altro materiale promozionale e\/o di inviare all\u2019utente offerte personalizzate.<br \/>Si ribadisce che il titolare del trattamento non fornisce a terze parti nessuna delle informazioni degli utenti senza il loro consenso, salvo ove richiesto dalla legge.<\/p>\n<p>E\u2019 in ogni caso esclusa la diffusione e il trasferimento dei dati al di fuori dello spazio UE.<\/p>\n<h4><strong>Revoca del consenso<\/strong><\/h4>\n<p>L\u2019interessato pu\u00f2 revocare il proprio consenso alla ricezione di comunicazioni promozionali e commerciali immediatamente, inviando richiesta all\u2019indirizzo email del titolare del trattamento oppure cliccando sull\u2019apposito link di disiscrizione che potr\u00e0 trovare nel footer di ogni mail promozionale e commerciale ricevuta.<\/p>\n<h4><strong>Modalit\u00e0 del trattamento<\/strong><\/h4>\n<p>I dati personali sono trattati con strumenti automatizzati per il tempo strettamente necessario a conseguire gli scopi per cui sono stati raccolti, prevedendo in ogni caso la verifica annuale dei dati conservati al fine di cancellare quelli ritenuti obsoleti, salvo che la legge non preveda obblighi di archiviazione.<br \/>Il trattamento dei dati avviene di norma presso la sede della societ\u00e0, da personale o collaboratori esterni debitamente designati quali responsabili del trattamento. L\u2019elenco completo dei responsabili del trattamento e degli Incaricati al trattamento dei dati personali pu\u00f2 essere richiesto inviando apposita richiesta all\u2019indirizzo email del titolare del trattamento dei dati personali.<br \/>Specifiche misure di sicurezza sono osservate per prevenire la perdita dei dati, usi illeciti o non corretti ed accessi non autorizzati.<\/p>\n<h4><strong>Diritti dell\u2019interessato<\/strong><\/h4>\n<p>Ai sensi dell\u2019art. 7 del Codice della Privacy e dell\u2019art. 13 GDPR ciascun utente ha diritto di ottenere la conferma dell\u2019esistenza o meno dei suoi dati personali, anche se non ancora registrati, e la loro comunicazione in forma intellegibile.<\/p>\n<p>In particolare, l\u2019interessato ha diritto di ottenere dal titolare del trattamento l\u2019indicazione:<\/p>\n<ol>\n<li>dell\u2019origine dei dati personali;<\/li>\n<li>della finalit\u00e0 e delle modalit\u00e0 di trattamento;<\/li>\n<li>della logica applicata in caso di trattamento effettuato con l\u2019ausilio di strumenti elettronici\/informatici;<\/li>\n<li>gli estremi identificativi del titolare, dei responsabili e delrappresentante designato;<\/li>\n<li>dei soggetti e delle categorie di soggetti ai quali i dati possono esserecomunicati o che possono venirne a conoscenza in qualit\u00e0 di rappresentante designato nel territorio dello Stato, di responsabili o incaricati.<\/li>\n<\/ol>\n<p>Inoltre l\u2019interessato ha diritto di ottenere dal titolare del trattamento:<\/p>\n<ol>\n<li>l\u2019aggiornamento, la rettificazione ovvero l\u2019integrazione dei propri dati;<\/li>\n<li>la cancellazione, la trasformazione in forma anonima o il blocco dei dati trattati in violazione di legge;<\/li>\n<li>l\u2019accesso ai propri dati e cio\u00e8 la conferma che sia o meno in corso un trattamento didati personali che lo riguardano;<\/li>\n<li>la limitazione del trattamento,<\/li>\n<li>la portabilit\u00e0 del dato, cio\u00e8 il diritto di ricevere in formato strutturato i dati personali che lo riguardano;<\/li>\n<li>diritto di reclamo all\u2019Autorit\u00e0 di controllo.<\/li>\n<\/ol>\n<p>Infine l\u2019interessato ha il diritto di opporsi, in tutto o in parte, per motivi legittimi al trattamento dei dati personali che lo riguardano, ancorch\u00e9 pertinenti allo scopo della raccolta. In particolare l\u2019interessato ha il diritto di opporsi al trattamento di dati personali che lo riguardano ai fini di invio di materiale pubblicitario commerciale o di vendita diretta o per il compimento di ricerche di mercato o di comunicazione commerciale. Le richieste di cui ai punti precedenti dovranno essere inviate via email all\u2019indirizzo del titolare del trattamento.<\/p>\t\t\t\t\t\t\t\t<\/div>\n\t\t\t\t\t<\/div>\n\t\t\t\t<\/div>\n\t\t\t\t<\/div>\n\t\t","protected":false},"excerpt":{"rendered":"<p>Informativa Privacy resa ai sensi del Regolamento UE 679\/2016General Data Protection Regulation La presente informativa viene resa in ossequio all\u2019art. 13 del Regolamento 2016\/679 (GDPR), ai sensi dell\u2019art. 13 del d.lgs. n. 196\/2003 (Codice in materia di protezione dei dati personali) ed \u00e8 relativa a tutti i dati personali trattati secondo le modalit\u00e0 di seguito [&hellip;]<\/p>\n","protected":false},"author":1,"featured_media":0,"parent":0,"menu_order":0,"comment_status":"closed","ping_status":"closed","template":"elementor_header_footer","meta":{"footnotes":""},"class_list":["post-1815","page","type-page","status-publish","hentry"],"_links":{"self":[{"href":"https:\/\/bulltec.it\/en\/wp-json\/wp\/v2\/pages\/1815","targetHints":{"allow":["GET"]}}],"collection":[{"href":"https:\/\/bulltec.it\/en\/wp-json\/wp\/v2\/pages"}],"about":[{"href":"https:\/\/bulltec.it\/en\/wp-json\/wp\/v2\/types\/page"}],"author":[{"embeddable":true,"href":"https:\/\/bulltec.it\/en\/wp-json\/wp\/v2\/users\/1"}],"replies":[{"embeddable":true,"href":"https:\/\/bulltec.it\/en\/wp-json\/wp\/v2\/comments?post=1815"}],"version-history":[{"count":4,"href":"https:\/\/bulltec.it\/en\/wp-json\/wp\/v2\/pages\/1815\/revisions"}],"predecessor-version":[{"id":1819,"href":"https:\/\/bulltec.it\/en\/wp-json\/wp\/v2\/pages\/1815\/revisions\/1819"}],"wp:attachment":[{"href":"https:\/\/bulltec.it\/en\/wp-json\/wp\/v2\/media?parent=1815"}],"curies":[{"name":"wp","href":"https:\/\/api.w.org\/{rel}","templated":true}]}}