{"id":1762,"date":"2026-01-28T17:07:56","date_gmt":"2026-01-28T16:07:56","guid":{"rendered":"https:\/\/bulltec.it\/?page_id=1762"},"modified":"2026-03-30T13:06:38","modified_gmt":"2026-03-30T11:06:38","slug":"cookie-policy","status":"publish","type":"page","link":"https:\/\/bulltec.it\/en\/cookie-policy\/","title":{"rendered":"Cookie Policy"},"content":{"rendered":"\t\t<div data-elementor-type=\"wp-page\" data-elementor-id=\"1762\" class=\"elementor elementor-1762 elementor-3\" data-elementor-post-type=\"page\">\n\t\t\t\t<div class=\"elementor-element elementor-element-24382cc3 e-flex e-con-boxed e-con e-parent\" data-id=\"24382cc3\" data-element_type=\"container\">\n\t\t\t\t\t<div class=\"e-con-inner\">\n\t\t\t\t<div class=\"elementor-element elementor-element-4afaff3a elementor-widget elementor-widget-text-editor\" data-id=\"4afaff3a\" data-element_type=\"widget\" data-widget_type=\"text-editor.default\">\n\t\t\t\t\t\t\t\t\t\n<div class=\"elementor-element elementor-element-92f075a elementor-widget elementor-widget-heading\" data-id=\"92f075a\" data-element_type=\"widget\" data-widget_type=\"heading.default\">\n<div class=\"elementor-widget-container\">\n<h2 class=\"elementor-heading-title elementor-size-default\">\u00a0<\/h2>\n<\/div>\n<\/div>\n<div class=\"elementor-element elementor-element-8653eaa elementor-widget elementor-widget-text-editor\" data-id=\"8653eaa\" data-element_type=\"widget\" data-widget_type=\"text-editor.default\">\n<div class=\"elementor-widget-container\">\n<h3><strong>COOKIE POLICY<\/strong><\/h3>\n<p>Come \u00e8 d\u2019uso su tutti i siti web, anche questo sito fa uso di cookies, piccoli file di testo che consentono di conservare informazioni sulle preferenze dei visitatori, per migliorare le funzionalit\u00e0 del sito, per semplificarne la navigazione automatizzando le procedure (es. login, lingua sito,..) e per l\u2019analisi dell\u2019uso del sito.<\/p>\n<p>I\u00a0<strong>cookie di sessione<\/strong>\u00a0sono essenziali per poter distinguere tra gli utenti collegati e sono utili per evitare che una funzionalit\u00e0 richiesta possa essere fornita all\u2019utente sbagliato, nonch\u00e9 per fini di sicurezza per impedire attacchi informatici al sito. I cookie di sessione non contengono dati personali e durano per la sola sessione in corso, cio\u00e8 fino alla chiusura del browser. Per essi non occorre consenso.<br \/>I\u00a0<strong>functionality cookie<\/strong>\u00a0utilizzati dal sito sono strettamente necessari per l\u2019uso del sito, in particolare sono collegati ad una espressa richiesta di funzionalit\u00e0 da parte dell\u2019utente (come il login), per i quali non occorre alcun consenso.<\/p>\n<p><strong>Utilizzando il sito il visitatore acconsente espressamente all\u2019uso dei cookies.<\/strong><\/p>\n<h5><strong>A.1 I COOKIES<\/strong><\/h5>\n<p>Il Sito utilizza sia cookies propri che cookies di terze parti. I cookies proprietari vengono utilizzati per la navigazione del Sito da parte dell\u2019utente e permetterne l\u2019accesso ad eventuali aree riservate protette. La durata di questi cookies di solito \u00e8 legata alla sessione dell\u2019utente e vengono cancellati una volta che lo stesso chiude il browser. I cookies proprietari sono essenziali e non possono essere disabilitati in quanto precluderebbero il corretto utilizzo del Sito stesso.<\/p>\n<p>I cookies di terze parti possono avere invece diversi scopi: analisi statistiche, interazioni sociali, visualizzazione video, memorizzazione degli interessi per la fornitura di servizi pubblicitari mirati. Questi cookies non sono controllati direttamente dal Titolare e per disabilitarli bisogna seguire le procedure indicate dai singoli fornitori.<br \/>In generale tutti i cookies possono essere disattivati completamente nel proprio browser in qualsiasi istante seguendo le procedure indicate al punto A.4.<\/p>\n<h5><strong>A.2 COOKIES PROPRIETARI<\/strong><\/h5>\n<p>Se lasci un commento sul nostro sito, puoi scegliere di salvare il tuo nome, indirizzo email e sito web nei cookie. Sono per la tua comodit\u00e0 in modo che tu non debba riempire nuovamente i tuoi dati quando lasci un altro commento. Questi cookie rimarranno per un anno.<\/p>\n<p>Se hai un account e accedi a questo sito, verr\u00e0 impostato un cookie temporaneo per determinare se il browser accetta i cookie. Questo cookie non contiene dati personali e viene eliminato quando si chiude il browser.<\/p>\n<p>Se modifichi o pubblichi un articolo, un cookie aggiuntivo verr\u00e0 salvato nel tuo browser. Questo cookie non include dati personali e indica semplicemente l\u2019ID del post dell\u2019articolo appena modificato. Scade dopo 1 giorno.<\/p>\n<h5><strong>A.3 COOKIES DI TERZE PARTI<\/strong><\/h5>\n<p>Su questo sito potrebbero essere attivati i seguenti cookies di terze parti.<\/p>\n<p><strong>\u2013 Google Analytics (anonimizzato)<\/strong><br \/>Si tratta di uno strumento di analisi di Google che attraverso l\u2019uso di cookies (performance cookies), raccoglie dati di navigazione anonimi (IP troncati all\u2019ultimo ottetto) ed esclusivamente aggregati allo scopo di esaminare l\u2019uso del sito da parte degli utenti, compilare report sulle attivit\u00e0 nel sito e fornire altre informazioni, compreso il numero dei visitatori e le pagine visitate. Google pu\u00f2 anche trasferire queste informazioni a terzi ove ci\u00f2 sia imposto dalla legge o laddove tali terzi trattino le suddette informazioni per conto di Google. Google non assocer\u00e0 l\u2019indirizzo Ip a nessun altro dato posseduto da Google. I dati trasmessi a Google sono depositati presso i server di Google negli Stati Uniti.<br \/>In base a specifico accordo con Google, che \u00e8 designato quale responsabile del trattamento dei dati, questi si impegna a trattare i dati in base alle richieste del Titolare (vedi in fondo all\u2019informativa), impartite tramite le impostazioni del software. In base a tali impostazioni le opzioni pubblicitarie e di condivisione dei dati sono disattive.<\/p>\n<p>Ulteriori informazioni sui cookies di Google Analytics si trovano alla pagina Google Analytics Cookie Usage on Websites.<\/p>\n<p>L\u2019utente pu\u00f2 disabilitare in modo selettivo la raccolta di dati da parte di Google Analytics installando sul proprio browser l\u2019apposito componente fornito da Google (opt out).<\/p>\n<p><strong>\u2013 Monitoraggio conversioni AdWords<\/strong><br \/>Il monitoraggio conversioni di Google AdWords \u00e8 un servizio di statistiche fornito da Google Inc. che collega i dati provenienti dal network di annunci Google AdWords con le azioni compiute all\u2019interno del Sito. Dati personali raccolti: Cookie e Dati di utilizzo. Luogo del trattamento: USA \u2013 Privacy Policy<\/p>\n<p><strong>\u2013 Google Fonts<\/strong><br \/>Il sito fa uso di font forniti dal servizio Google Fonts. Dati personali raccolti: Cookie e Dati di utilizzo. Luogo del trattamento: USA \u2013 Privacy Policy<\/p>\n<p><strong>\u2013 Contenuti embeddati<\/strong><br \/>Nel sito possono essere utilizzati video di Youtube e Vimeo, contenuti dei social Facebook, Twitter, LinkedIn, Google+ e in generale, in base all\u2019occorrenza, contenuti embeddabili di altre piattaforme. Tali contenuti e\/o plugins sono programmati in modo da non impostare alcun cookie all\u2019accesso della pagina, per salvaguardare la privacy degli utenti. Eventualmente i cookie vengono impostati, se cos\u00ec previsto dai social network, solo quando l\u2019utente fa effettivo e volontario uso del plugin. Si tenga presente che, se l\u2019Utente naviga essendo loggato nel social network, l\u2019uso dei cookie si intende gi\u00e0 accettato tramite questo sito al momento dell\u2019iscrizione al social network. La raccolta e l\u2019uso delle informazioni ottenute a mezzo del plugin sono regolati dalle rispettive informative privacy dei social network, alle quali si prega di fare riferimento.<\/p>\n<p><strong>\u2013 Facebook:<\/strong>\u00a0<a href=\"https:\/\/www.facebook.com\/about\/privacy\/\" target=\"_blank\" rel=\"noopener\">Privacy Policy<\/a>\u00a0\u2013\u00a0<a href=\"https:\/\/www.facebook.com\/policies\/cookies\/\" target=\"_blank\" rel=\"noopener\">Cookie Policy<\/a><br \/><strong>\u2013 Twitter:<\/strong>\u00a0<a href=\"https:\/\/twitter.com\/privacy?lang=it\" target=\"_blank\" rel=\"noopener\">Privacy Policy<\/a>\u00a0\u2013\u00a0<a href=\"https:\/\/help.twitter.com\/it\/rules-and-policies\/twitter-cookies\" target=\"_blank\" rel=\"noopener\">Cookie Policy<\/a><br \/><strong>\u2013 Youtube:<\/strong>\u00a0<a href=\"https:\/\/support.google.com\/youtube\/answer\/7671399?hl=it\" target=\"_blank\" rel=\"noopener\">Privacy Policy<\/a>\u00a0\u2013\u00a0<a href=\"https:\/\/policies.google.com\/technologies\/cookies#types-of-cookies\" target=\"_blank\" rel=\"noopener\">Cookie Policy<\/a><br \/><strong>\u2013 LinkedIn:<\/strong>\u00a0<a href=\"https:\/\/www.linkedin.com\/legal\/privacy-policy\" target=\"_blank\" rel=\"noopener\">Privacy Policy<\/a>\u00a0\u2013\u00a0<a href=\"https:\/\/www.linkedin.com\/legal\/cookie-policy\" target=\"_blank\" rel=\"noopener\">Cookie Policy<\/a><br \/><strong>\u2013 Google+:<\/strong>\u00a0<a href=\"https:\/\/policies.google.com\/privacy?hl=it\" target=\"_blank\" rel=\"noopener\">Privacy Policy<\/a>\u00a0\u2013\u00a0<a href=\"https:\/\/policies.google.com\/technologies\/cookies?hl=it&amp;gl=it\" target=\"_blank\" rel=\"noopener\">Cookie Policy<\/a><br \/><strong>\u2013 Vimeo:<\/strong>\u00a0<a href=\"https:\/\/vimeo.com\/privacy\" target=\"_blank\" rel=\"noopener\">Privacy Policy<\/a>\u00a0\u2013\u00a0<a href=\"https:\/\/vimeo.com\/cookie_policy\" target=\"_blank\" rel=\"noopener\">Cookie Policy<\/a><br \/><strong>\u2013 Google Maps:<\/strong>\u00a0<a href=\"https:\/\/policies.google.com\/privacy?hl=it\" target=\"_blank\" rel=\"noopener\">Privacy Policy<\/a>\u00a0\u2013\u00a0<a href=\"https:\/\/policies.google.com\/technologies\/cookies?hl=it\" target=\"_blank\" rel=\"noopener\">Cookie Policy<\/a><\/p>\n<p>Per ulteriori informazioni sull\u2019uso dei dati e sul loro trattamento da parte di Google si raccomanda di prendere visione delle informazioni all\u2019apposita pagina predisposta da Google, e alla pagina sulle Modalit\u00e0 di utilizzo dei dati da parte di Google quando si utilizzano siti o app dei partner.<\/p>\n<p><strong>Contenuto incorporato da altri siti web<\/strong><br \/>Gli articoli su questo sito possono includere contenuti incorporati (ad esempio video, immagini, articoli,..). I contenuti incorporati di altri siti web si comportano esattamente nello stesso modo in cui il visitatore ha visitato l\u2019altro sito web. Questi siti web possono raccogliere dati su di te, utilizzare cookie, integrare ulteriori tracciamenti di terze parti, e monitorare l\u2019interazione con quel contenuto incorporato, incluso il tracciare la tua interazione con il contenuto incorporato se hai un account e sei connesso a quel sito web.<\/p>\n<h5><strong>A.4 COME DISABILITARE I COOKIES NEL BROWSER<\/strong><\/h5>\n<p>I cookies sono collegati al browser utilizzato e POSSONO ESSERE DISABILITATI DIRETTAMENTE DAL BROWSER, cos\u00ec rifiutando\/revocando il consenso all\u2019uso dei cookies. Occorre tenere presente che la disabilitazione dei cookies potrebbe impedire il corretto utilizzo di alcune funzioni del sito stesso.<br \/>Le istruzioni per la disabilitazione dei cookies si trovano alle seguenti pagine web:<\/p>\n<p><a href=\"https:\/\/support.mozilla.org\/it\/kb\/protezione-antitracciamento-avanzata-firefox-desktop?redirectslug=Attivare+e+disattivare+i+cookie&amp;redirectlocale=it\" target=\"_blank\" rel=\"noopener\">Mozilla Firefox<\/a>\u00a0\u2013\u00a0<a href=\"https:\/\/support.microsoft.com\/it-it\/windows\/eliminare-e-gestire-i-cookie-168dab11-0753-043d-7c16-ede5947fc64d\" target=\"_blank\" rel=\"noopener\">Microsoft Internet Explorer<\/a>\u00a0\u2013\u00a0<a href=\"https:\/\/support.microsoft.com\/it-it\/microsoft-edge\/eliminare-i-cookie-in-microsoft-edge-63947406-40ac-c3b8-57b9-2a946a29ae09\" target=\"_blank\" rel=\"noopener\">Microsoft Edge<\/a>\u00a0\u2013\u00a0<a href=\"https:\/\/support.google.com\/chrome\/answer\/95647?hl=it\" target=\"_blank\" rel=\"noopener\">Google Chrome<\/a>\u00a0\u2013\u00a0<a href=\"https:\/\/help.opera.com\/en\/latest\/web-preferences\/#cookies\" target=\"_blank\" rel=\"noopener\">Opera<\/a>\u00a0\u2013\u00a0<a href=\"https:\/\/support.apple.com\/it-it\/HT201265\" target=\"_blank\" rel=\"noopener\">Apple Safari<\/a><\/p>\n<h4><strong>Aggiornamenti e modifiche<\/strong><\/h4>\n<p>Il titolare del trattamento si riserva il diritto di modificare, integrare o aggiornare periodicamente la presente Informativa in ossequio alla normativa applicabile o ai provvedimenti adottati dal Garante per la Protezione dei dati personali.<br \/>Le suddette modifiche o integrazioni saranno portate a conoscenza degli interessati mediante link alla pagina di Privacy Policy presente nel sito web e saranno comunicate direttamente agli interessati a mezzo email.<br \/>Invitiamo gli utenti a prendere visione della Privacy Policy con regolarit\u00e0, per verificare l\u2019Informativa aggiornata e decidere se continuare o meno ad usufruire dei servizi offerti.<\/p>\n<\/div>\n<\/div>\t\t\t\t\t\t\t\t<\/div>\n\t\t\t\t\t<\/div>\n\t\t\t\t<\/div>\n\t\t\t\t<\/div>\n\t\t","protected":false},"excerpt":{"rendered":"<p>\u00a0 COOKIE POLICY Come \u00e8 d\u2019uso su tutti i siti web, anche questo sito fa uso di cookies, piccoli file di testo che consentono di conservare informazioni sulle preferenze dei visitatori, per migliorare le funzionalit\u00e0 del sito, per semplificarne la navigazione automatizzando le procedure (es. login, lingua sito,..) e per l\u2019analisi dell\u2019uso del sito. I\u00a0cookie [&hellip;]<\/p>\n","protected":false},"author":1,"featured_media":0,"parent":0,"menu_order":0,"comment_status":"closed","ping_status":"closed","template":"elementor_header_footer","meta":{"footnotes":""},"class_list":["post-1762","page","type-page","status-publish","hentry"],"_links":{"self":[{"href":"https:\/\/bulltec.it\/en\/wp-json\/wp\/v2\/pages\/1762","targetHints":{"allow":["GET"]}}],"collection":[{"href":"https:\/\/bulltec.it\/en\/wp-json\/wp\/v2\/pages"}],"about":[{"href":"https:\/\/bulltec.it\/en\/wp-json\/wp\/v2\/types\/page"}],"author":[{"embeddable":true,"href":"https:\/\/bulltec.it\/en\/wp-json\/wp\/v2\/users\/1"}],"replies":[{"embeddable":true,"href":"https:\/\/bulltec.it\/en\/wp-json\/wp\/v2\/comments?post=1762"}],"version-history":[{"count":4,"href":"https:\/\/bulltec.it\/en\/wp-json\/wp\/v2\/pages\/1762\/revisions"}],"predecessor-version":[{"id":1766,"href":"https:\/\/bulltec.it\/en\/wp-json\/wp\/v2\/pages\/1762\/revisions\/1766"}],"wp:attachment":[{"href":"https:\/\/bulltec.it\/en\/wp-json\/wp\/v2\/media?parent=1762"}],"curies":[{"name":"wp","href":"https:\/\/api.w.org\/{rel}","templated":true}]}}